{"id":20982,"date":"2021-07-26T21:09:03","date_gmt":"2021-07-26T19:09:03","guid":{"rendered":"https:\/\/bonosindeposito.gratis\/?page_id=20982"},"modified":"2021-07-26T21:09:06","modified_gmt":"2021-07-26T19:09:06","slug":"zamba-bono-casino","status":"publish","type":"page","link":"https:\/\/bonosindeposito.gratis\/co\/zamba-bono-casino\/","title":{"rendered":"Zamba bono casino \u00bb Juega al casino con el 50% Extra hasta $100.000 COP"},"content":{"rendered":"\n<p>\u00a1Bienvenido! Has llegado aqu\u00ed en busca de nuevas oportunidades dentro de las mejores casas de apuestas colombianas y nosotros te las vamos a traer. En esta p\u00e1gina te contaremos toda la informaci\u00f3n necesaria para que entres en el mundo de las apuestas con el pie derecho. Podr\u00e1s enterarte de las mejores promociones, ofertas y muchos ben\u00e9ficos m\u00e1s. <strong>El d\u00eda de hoy, vamos a analizar detalladamente el Zamba bono casino. Este mismo que estamos nombrando, trata de un bono dentro del casino de la casa de apuestas tan conocida llamada Zamba. Si no la conoces, no te preocupes, dentro de este post vamos a darte informaci\u00f3n general sobre esta firma de entretenimientos y algunas caracter\u00edsticas especiales.<\/strong> Sin dudas, creemos que Zamba es de las mejores casas de apuestas hoy en d\u00eda dentro de Colombia y por eso te traemos toda esta informaci\u00f3n m\u00e1s que necesaria para ti. Si no tuviste la oportunidad de visitar el sitio web de esta gran empresa, te recomendamos que lo hagas. All\u00ed dentro podr\u00e1s encontrar el Zamba bono casino del que vamos a hablar y muchas cosas m\u00e1s. Registrarte all\u00ed es muy f\u00e1cil y no te llevara mucho tiempo. <strong>Si deseas registrarte ahora mismo puedes clickear <a href=\"https:\/\/recor.to\/zamba\" rel=\"nofollow noopener sponsored\">aqu\u00ed<\/a> y dirigirte hacia la p\u00e1gina principal. No te quedes quiero y aprovecha esta oportunidad incre\u00edble dentro de una de las mejores casas de apuestas de todo Colombia. Puede ofrecerte hasta mucho m\u00e1s dinero que otras.<\/strong><\/p>\n<p><strong>Pero si tambien te interesan las apuestas deportivas, aqu\u00ed te dejamos <a href=\"https:\/\/bonosindeposito.gratis\/co\/zamba-bono-apuestas-deportivas-codigo-promocional\">un post<\/a> para ti.<\/strong> All\u00ed mismo podr\u00e1s encontrar toda la informaci\u00f3n necesaria sobre los mejores bonos y promociones dentro de las apuestas deportivas disponibles en Zamba. El sportsbook de esta empresa es \u00fanico e inigualable, puedes elegir entre much\u00edsimos deportes. Ahora si, comenzamos con el an\u00e1lisis del Zamba bono casino tan esperado por ti.<\/p>\n\n\n\n<figure class=\"wp-block-image size-full is-resized\"><a href=\"https:\/\/recor.to\/zamba\" rel=\"nofollow noopener sponsored\"><img fetchpriority=\"high\" decoding=\"async\" src=\"https:\/\/bonosindeposito.gratis\/wp-content\/uploads\/2021\/07\/zamba-bono-casino.jpg\" alt=\"zamba casino\" class=\"wp-image-20983\" width=\"1419\" height=\"493\" srcset=\"https:\/\/bonosindeposito.gratis\/wp-content\/uploads\/2021\/07\/zamba-bono-casino.jpg 633w, https:\/\/bonosindeposito.gratis\/wp-content\/uploads\/2021\/07\/zamba-bono-casino-300x104.jpg 300w\" sizes=\"(max-width: 1419px) 100vw, 1419px\" \/><\/a><\/figure>\n\n\n\n<h2 class=\"wp-block-heading\"><strong>Todo lo que tienes que saber sobre Zamba Colombia<\/strong><\/h2>\n\n\n\n<p>Como te hemos dicho anteriormente, si no conoces tanto sobre esta casa de apuestas, nosotros nos encargaremos de darte esa informaci\u00f3n que necesitas. Estamos hablando sobre datos generales que pueden servirte para saber de qu\u00e9 trata esta empresa.<strong> Zamba comenz\u00f3 su camino como empresa en el a\u00f1o 2000 dentro de Colombia. Es por eso, que esta casa de apuestas es considerada 100% colombiana. Tiene una asociaci\u00f3n con el grupo belga llamado &#8220;Gamin1g&#8221; que a su vez naci\u00f3 de la mezcla con el grupo empresarial VICCA Group.<\/strong> Desde el a\u00f1o 2016, empezaron a fomentarse dentro del mundo e las apuestas. Con la licencia obtenida por Coljuegos, lograron empezar a brindarle a los usuarios que quer\u00edan apostar, nuevas oportunidades.<\/p>\n<p>Empezando desde lo m\u00e1s bajo, Zamba creci\u00f3 a n\u00fameros exponenciales como los que tiene hoy en d\u00eda. <strong>Todo ese crecimiento a lo largo de 5 a\u00f1os, se lo atribuimos a lo que hoy en d\u00eda podemos encontrar dentro de su p\u00e1gina web. Una simple y \u00fanica intenci\u00f3n que es brindarle lo mejor a sus usuarios diarios. Esta casa de apuestas esta llena de promociones, ofertas incre\u00edbles y la mayor cantidad de juegos para ofrecer.<\/strong> Algunas de las sedes presenciales m\u00e1s importantes de esta empresa est\u00e1n ubicadas en Bogot\u00e1, Barranquilla, Ibagu\u00e9 y Santa Marta. Cr\u00e9eme que no querr\u00e1s perderte la oportunidad de disfrutar dentro de esta casa de apuestas totalmente \u00fanica. <a href=\"https:\/\/recor.to\/zamba\" rel=\"nofollow noopener sponsored\">Ingresa ahora mismo a su p\u00e1gina<\/a> para poder observar todos estos aspectos que te hemos nombrado. A continuaci\u00f3n, nos parece m\u00e1s que interesante poder contarte algunas de las caracter\u00edsticas que m\u00e1s nos han llamado la atenci\u00f3n dentro de Zamba. Recuerda leer toda la nota para saber todo sobre el Zamba bono casino.<\/p>\n\n\n\n<h3 class=\"wp-block-heading\"><strong>CARACTER\u00cdSTICAS GENERALES<\/strong><\/h3>\n\n\n\n<p>Ahora si, te contaremos sobre las mejores caracter\u00edsticas que hemos destacado visitando y recorriendo las <a href=\"https:\/\/recor.to\/zamba\" rel=\"nofollow noopener sponsored\">instalaciones web de Zamba<\/a>. Sin dudas, nos han llamado la atenci\u00f3n much\u00edsimas cosas, pero solo te contaremos lagunas para no spoilearte mucho. Tu mismo puedes visitar la p\u00e1gina de Zamba y recorre todo esto que te vamos a nombrar ahora y mucho m\u00e1s. <strong>Para empezar, podemos decir que algo que nos ha gustado y mucho dentro de Zamba es su propio dise\u00f1o. Si, as\u00ed es, un aspecto que parece no tener mucha importancia, pero que en realidad si la tiene. Desde aqu\u00ed, creemos que los dise\u00f1os son de lo m\u00e1s importante dentro de una casa de apuestas.<\/strong> Poder tener una est\u00e9tica lo bastante atractiva para que los usuarios se dejen llevar por eso es bastante bueno. Si cuentas con un dise\u00f1o gr\u00e1fico totalmente viejo o incorrecto puede que las personas no elijan quedarse dentro de tu p\u00e1gina. Es as\u00ed como Zamba aprovech\u00f3 esto que estamos diciendo y cre\u00f3 un ambiente totalmente m\u00e1gico. Ya con su nombre, sabemos que la p\u00e1gina est\u00e1 ambientada en modo carnaval. El color rojo y blanco son los que m\u00e1s dominan, pero podemos observar ciertas partes con algunos dibujos ambientados en Colombia. La comodidad que te hace sentir una p\u00e1gina que se esfuerza por ser lo m\u00e1s est\u00e9tica posible es incre\u00edble y no se puede demostrar lo contrario.<\/p>\n<p><strong>Tambien podemos decir que el <a href=\"https:\/\/recor.to\/zamba\" rel=\"nofollow noopener sponsored\">registro dentro de Zamba<\/a> es totalmente una locura. Puedes empezar a formar parte como nuevo usuario de esta casa de apuestas de una manera muy f\u00e1cil<\/strong>. Lo \u00fanico que necesitas para empezar a poder jugar aqu\u00ed dentro es contar con una direcci\u00f3n de correo electr\u00f3nico y completar con los datos personales que sean necesarios. Una vez que realices estos pasos, podr\u00e1s empezar a divertirte dentro de una de las mejores firmas de entretenimiento colombiana. No debes de preocuparte por compartir tus datos personales con Zamba, esta es de las p\u00e1ginas m\u00e1s seguras en todo el pa\u00eds. Ya te hemos dicho que Zamba cuenta con una licencia otorgada por Coljuego, lo cual le permite poder operar dentro del pa\u00eds como en muchos otros. Cabe destacar que si te registras, podr\u00e1s obtener bonos totalmente geniales como el Zamba bono casino y muchos m\u00e1s que te est\u00e1n esperando para que los disfrutes. Zamba siempre busca lo mejor para sus usuarios, nunca dudes de eso.<\/p>\n<p><strong>Por \u00faltimo, no quer\u00edamos dejar pasar de largo las incre\u00edbles promociones y ofertas que tienes disponibles dentro de esta casa de apuestas.<\/strong> Hoy espec\u00edficamente hablaremos sobre el Zamba bono casino, pero tienes que saber que hay much\u00edsimas m\u00e1s dentro de esta empresa. No solo estamos hablando de bono o promociones sino tambien de algunos sorteos, torneos y muchas cosas m\u00e1s que te puedes encontrar all\u00ed mismo. En determinadas ocasiones puede ser que encuentres ofertas dedicadas solo a algunas categor\u00edas o a alg\u00fan juego predeterminado en s\u00ed. No te preocupes porque las ofertas van cambiando todos los meses.<\/p>\n\n\n\n<figure class=\"wp-block-image size-large is-resized\"><a href=\"https:\/\/recor.to\/zamba\" rel=\"nofollow noopener sponsored\"><img decoding=\"async\" src=\"https:\/\/bonosindeposito.gratis\/wp-content\/uploads\/2021\/07\/zamba-casino-1024x538.png\" alt=\"zamba bono casino\" class=\"wp-image-20989\" width=\"1420\" height=\"746\" srcset=\"https:\/\/bonosindeposito.gratis\/wp-content\/uploads\/2021\/07\/zamba-casino-1024x538.png 1024w, https:\/\/bonosindeposito.gratis\/wp-content\/uploads\/2021\/07\/zamba-casino-300x158.png 300w, https:\/\/bonosindeposito.gratis\/wp-content\/uploads\/2021\/07\/zamba-casino-768x403.png 768w, https:\/\/bonosindeposito.gratis\/wp-content\/uploads\/2021\/07\/zamba-casino.png 1200w\" sizes=\"(max-width: 1420px) 100vw, 1420px\" \/><\/a><\/figure>\n\n\n\n<h2 class=\"wp-block-heading\"><strong>Como obtener el Zamba bono casino: 50% extra hasta $100.000 COP<\/strong><\/h2>\n\n\n\n<p>Ha llegado el momento m\u00e1s esperado por todos ustedes, vamos a hablar sobre el Zamba bono casino tan especial dentro de esta casa de apuestas. Tenemos que decirte que esta promoci\u00f3n es la mejor dentro de Zamba y que todos los usuarios deber\u00edan aprovecharla si o s\u00ed. <strong>Si no has le\u00eddo bien, te informamos que puedes obtener el 50% extra de tu primer dep\u00f3sito con un tope m\u00e1ximo de $100.000 COP. Realmente es una locura y tienes que aprovecharla si o s\u00ed.<\/strong> A continuaci\u00f3n te contaremos que es lo que tienes que hacer para poder obtenerla, lee atentamente.<\/p>\n<p>Primero que nada, debes saber que este bono es un bono de bienvenida. <strong>Eso quiere decir que solo estar\u00e1 disponible para los usuarios que recientemente se hayan registrado dentro de Zamba<\/strong>. Si a\u00fan no te has registrado puedes hacerlo desde <a href=\"https:\/\/recor.to\/zamba\" rel=\"nofollow noopener sponsored\">aqu\u00ed<\/a>, recuerda que es muy sencillo. Una vez que est\u00e9s registrado, deber\u00e1s dirigirte hacia los dep\u00f3sitos. <strong>Tendr\u00e1s que abonar una cantidad m\u00ednima de $20.000 para poder obtener una bonificaci\u00f3n con esta oferta. Recuerda que lo m\u00e1ximo que podr\u00e1s obtener ser\u00e1n $100.000 COP.<\/strong> Cuentas con distintos m\u00e9todos de pago disponibles para realizar la operaci\u00f3n de transferencia. <strong>Esos m\u00e9todos espec\u00edficos puedes conocerlos <a href=\"https:\/\/recor.to\/zamba\" rel=\"nofollow noopener sponsored\">aqu\u00ed<\/a>.<\/strong> Algunos de ellos son: Visa, Mastercard, Efecty, Baloto, etc. Cuando te decidas por uno, realizas el dep\u00f3sito y ya podr\u00e1s obtener el bono.<\/p>\n\n\n\n<figure class=\"wp-block-image size-large is-resized\"><a href=\"https:\/\/recor.to\/zamba\" rel=\"nofollow noopener sponsored\"><img decoding=\"async\" src=\"https:\/\/bonosindeposito.gratis\/wp-content\/uploads\/2021\/07\/zamba-bono-1024x578.png\" alt=\"zamba bono casino\" class=\"wp-image-20995\" width=\"1419\" height=\"801\" srcset=\"https:\/\/bonosindeposito.gratis\/wp-content\/uploads\/2021\/07\/zamba-bono-1024x578.png 1024w, https:\/\/bonosindeposito.gratis\/wp-content\/uploads\/2021\/07\/zamba-bono-300x169.png 300w, https:\/\/bonosindeposito.gratis\/wp-content\/uploads\/2021\/07\/zamba-bono-768x434.png 768w, https:\/\/bonosindeposito.gratis\/wp-content\/uploads\/2021\/07\/zamba-bono.png 1197w\" sizes=\"(max-width: 1419px) 100vw, 1419px\" \/><\/a><\/figure>\n\n\n<span id=\"post-ratings-20982\" class=\"post-ratings\" data-nonce=\"8b6368be2a\"><img decoding=\"async\" id=\"rating_20982_1\" src=\"https:\/\/bonosindeposito.gratis\/wp-content\/plugins\/wp-postratings\/images\/stars\/rating_on.gif\" alt=\"1 estrella\" title=\"1 estrella\" onmouseover=\"current_rating(20982, 1, '1 estrella');\" onmouseout=\"ratings_off(5, 0, 0);\" onclick=\"rate_post();\" onkeypress=\"rate_post();\" style=\"cursor: pointer; border: 0px;\" \/><img decoding=\"async\" id=\"rating_20982_2\" src=\"https:\/\/bonosindeposito.gratis\/wp-content\/plugins\/wp-postratings\/images\/stars\/rating_on.gif\" alt=\"2 estrellas\" title=\"2 estrellas\" onmouseover=\"current_rating(20982, 2, '2 estrellas');\" onmouseout=\"ratings_off(5, 0, 0);\" onclick=\"rate_post();\" onkeypress=\"rate_post();\" style=\"cursor: pointer; border: 0px;\" \/><img decoding=\"async\" id=\"rating_20982_3\" src=\"https:\/\/bonosindeposito.gratis\/wp-content\/plugins\/wp-postratings\/images\/stars\/rating_on.gif\" alt=\"3 estrellas\" title=\"3 estrellas\" onmouseover=\"current_rating(20982, 3, '3 estrellas');\" onmouseout=\"ratings_off(5, 0, 0);\" onclick=\"rate_post();\" onkeypress=\"rate_post();\" style=\"cursor: pointer; border: 0px;\" \/><img decoding=\"async\" id=\"rating_20982_4\" src=\"https:\/\/bonosindeposito.gratis\/wp-content\/plugins\/wp-postratings\/images\/stars\/rating_on.gif\" alt=\"4 estrellas\" title=\"4 estrellas\" onmouseover=\"current_rating(20982, 4, '4 estrellas');\" onmouseout=\"ratings_off(5, 0, 0);\" onclick=\"rate_post();\" onkeypress=\"rate_post();\" style=\"cursor: pointer; border: 0px;\" \/><img decoding=\"async\" id=\"rating_20982_5\" src=\"https:\/\/bonosindeposito.gratis\/wp-content\/plugins\/wp-postratings\/images\/stars\/rating_on.gif\" alt=\"5 estrellas\" title=\"5 estrellas\" onmouseover=\"current_rating(20982, 5, '5 estrellas');\" onmouseout=\"ratings_off(5, 0, 0);\" onclick=\"rate_post();\" onkeypress=\"rate_post();\" style=\"cursor: pointer; border: 0px;\" \/> (<strong>1<\/strong> votos, promedio: <strong>5,00<\/strong> de 5)<br \/><span class=\"post-ratings-text\" id=\"ratings_20982_text\"><\/span><\/span><span id=\"post-ratings-20982-loading\" class=\"post-ratings-loading\"><img loading=\"lazy\" decoding=\"async\" src=\"https:\/\/bonosindeposito.gratis\/wp-content\/plugins\/wp-postratings\/images\/loading.gif\" width=\"16\" height=\"16\" class=\"post-ratings-image\" \/>Loading...<\/span>\n\n\n\n<h2 class=\"wp-block-heading\"><strong>Preguntas frecuentes sobre Zamba Colombia<\/strong><\/h2>\n\n\n\n<div class=\"wp-block-rank-math-faq-block\"><div class=\"rank-math-faq-item\"><h3 class=\"rank-math-question\">\u00bfVale la pena jugar en Zamba?<\/h3><div class=\"rank-math-answer\">S\u00ed que vale la pena jugar en esta gran casa de apuestas 100% colombiana.<\/div><\/div><div class=\"rank-math-faq-item\"><h3 class=\"rank-math-question\">\u00bfDe qu\u00e9 trata el Zamba bono casino?<\/h3><div class=\"rank-math-answer\">Este bono trata de un 50% de beneficio en tu primer dep\u00f3sito con un tope m\u00e1ximo de $100.000 COP.<\/div><\/div><div class=\"rank-math-faq-item\"><h3 class=\"rank-math-question\">\u00bfExisten m\u00e1s bonos dentro de Zamba?<\/h3><div class=\"rank-math-answer\">Claro que existen m\u00e1s bonos, puedes encontrarlos dentro de su p\u00e1gina.<\/div><\/div><div class=\"rank-math-faq-item\"><h3 class=\"rank-math-question\">\u00bfC\u00f3mo me puedo registrar en Zamba?<\/h3><div class=\"rank-math-answer\">Registrarte en esta casa de apuestas es muy sencillo, lo \u00fanico que necesitas es una direcci\u00f3n de correo electr\u00f3nico y completar con los datos personales que sena necesarios.<\/div><\/div><div class=\"rank-math-faq-item\"><h3 class=\"rank-math-question\">\u00bfEs seguro y legal jugar en Zamba?<\/h3><div class=\"rank-math-answer\">Jugar dentro de Zamba es seguro y legal. Cuenta con la licencia de juegos obtenida por Coljuegos.<\/div><\/div><div class=\"rank-math-faq-item\"><h3 class=\"rank-math-question\">\u00bfEl dise\u00f1o de Zamba es atractivo?<\/h3><div class=\"rank-math-answer\">Claro que lo es, su dise\u00f1o gr\u00e1fico es una de sus caracter\u00edsticas principales por las cuales se destaca frente a otras casas de apuestas.<\/div><\/div><div class=\"rank-math-faq-item\"><h3 class=\"rank-math-question\">\u00bfEl sportsbook de Zamba es completo?<\/h3><div class=\"rank-math-answer\">S\u00ed que lo es, puedes elegir entre much\u00edsimos deportes geniales entre los que se encuentran desde los m\u00e1s cl\u00e1sicos hasta los m\u00e1s alternativos.<\/div><\/div><\/div>\n","protected":false},"excerpt":{"rendered":"<p>Todo lo que tienes que saber sobre Zamba Colombia CARACTER\u00cdSTICAS GENERALES Como obtener el Zamba bono casino: 50% extra hasta $100.000 COP Preguntas frecuentes sobre Zamba Colombia<\/p>\n","protected":false},"author":1,"featured_media":0,"parent":0,"menu_order":0,"comment_status":"closed","ping_status":"closed","template":"","meta":{"_uag_custom_page_level_css":"","generate_page_header":"","footnotes":""},"class_list":["post-20982","page","type-page","status-publish"],"yoast_head":"<!-- This site is optimized with the Yoast SEO Premium plugin v27.1 (Yoast SEO v26.6) - https:\/\/yoast.com\/wordpress\/plugins\/seo\/ -->\n<title>Zamba bono casino \u00bb Juega al casino con el 50% Extra hasta $100.000 COP - Bonos sin Deposito de Apuestas<\/title>\n<meta name=\"robots\" content=\"index, follow, max-snippet:-1, max-image-preview:large, max-video-preview:-1\" \/>\n<link rel=\"canonical\" href=\"https:\/\/bonosindeposito.gratis\/co\/zamba-bono-casino\/\" \/>\n<meta property=\"og:locale\" content=\"es_ES\" \/>\n<meta property=\"og:type\" content=\"article\" \/>\n<meta property=\"og:title\" content=\"Zamba bono casino \u00bb Juega al casino con el 50% Extra hasta $100.000 COP - Bonos sin Deposito de Apuestas\" \/>\n<meta property=\"og:description\" content=\"Todo lo que tienes que saber sobre Zamba Colombia CARACTER\u00cdSTICAS GENERALES Como obtener el Zamba bono casino: 50% extra hasta $100.000 COP Preguntas frecuentes sobre Zamba Colombia\" \/>\n<meta property=\"og:url\" content=\"https:\/\/bonosindeposito.gratis\/co\/zamba-bono-casino\/\" \/>\n<meta property=\"og:site_name\" content=\"Bonos sin Deposito de Apuestas\" \/>\n<meta property=\"article:modified_time\" content=\"2021-07-26T19:09:06+00:00\" \/>\n<meta property=\"og:image\" content=\"https:\/\/bonosindeposito.gratis\/wp-content\/uploads\/2021\/07\/zamba-bono-casino.jpg\" \/>\n\t<meta property=\"og:image:width\" content=\"633\" \/>\n\t<meta property=\"og:image:height\" content=\"220\" \/>\n\t<meta property=\"og:image:type\" content=\"image\/jpeg\" \/>\n<meta name=\"twitter:card\" content=\"summary_large_image\" \/>\n<meta name=\"twitter:label1\" content=\"Tiempo de lectura\" \/>\n\t<meta name=\"twitter:data1\" content=\"8 minutos\" \/>\n<script type=\"application\/ld+json\" class=\"yoast-schema-graph\">{\"@context\":\"https:\/\/schema.org\",\"@graph\":[{\"@type\":\"WebPage\",\"@id\":\"https:\/\/bonosindeposito.gratis\/co\/zamba-bono-casino\/\",\"url\":\"https:\/\/bonosindeposito.gratis\/co\/zamba-bono-casino\/\",\"name\":\"Zamba bono casino \u00bb Juega al casino con el 50% Extra hasta $100.000 COP - Bonos sin Deposito de Apuestas\",\"isPartOf\":{\"@id\":\"https:\/\/bonosindeposito.gratis\/#website\"},\"primaryImageOfPage\":{\"@id\":\"https:\/\/bonosindeposito.gratis\/co\/zamba-bono-casino\/#primaryimage\"},\"image\":{\"@id\":\"https:\/\/bonosindeposito.gratis\/co\/zamba-bono-casino\/#primaryimage\"},\"thumbnailUrl\":\"https:\/\/bonosindeposito.gratis\/wp-content\/uploads\/2021\/07\/zamba-bono-casino.jpg\",\"datePublished\":\"2021-07-26T19:09:03+00:00\",\"dateModified\":\"2021-07-26T19:09:06+00:00\",\"breadcrumb\":{\"@id\":\"https:\/\/bonosindeposito.gratis\/co\/zamba-bono-casino\/#breadcrumb\"},\"inLanguage\":\"es-CO\",\"potentialAction\":[{\"@type\":\"ReadAction\",\"target\":[\"https:\/\/bonosindeposito.gratis\/co\/zamba-bono-casino\/\"]}]},{\"@type\":\"ImageObject\",\"inLanguage\":\"es-CO\",\"@id\":\"https:\/\/bonosindeposito.gratis\/co\/zamba-bono-casino\/#primaryimage\",\"url\":\"https:\/\/bonosindeposito.gratis\/wp-content\/uploads\/2021\/07\/zamba-bono-casino.jpg\",\"contentUrl\":\"https:\/\/bonosindeposito.gratis\/wp-content\/uploads\/2021\/07\/zamba-bono-casino.jpg\"},{\"@type\":\"BreadcrumbList\",\"@id\":\"https:\/\/bonosindeposito.gratis\/co\/zamba-bono-casino\/#breadcrumb\",\"itemListElement\":[{\"@type\":\"ListItem\",\"position\":1,\"name\":\"Portada\",\"item\":\"https:\/\/bonosindeposito.gratis\/\"},{\"@type\":\"ListItem\",\"position\":2,\"name\":\"Zamba bono casino \u00bb Juega al casino con el 50% Extra hasta $100.000 COP\"}]},{\"@type\":\"WebSite\",\"@id\":\"https:\/\/bonosindeposito.gratis\/#website\",\"url\":\"https:\/\/bonosindeposito.gratis\/\",\"name\":\"Bonos sin Deposito de Apuestas\",\"description\":\"\",\"publisher\":{\"@id\":\"https:\/\/bonosindeposito.gratis\/#organization\"},\"potentialAction\":[{\"@type\":\"SearchAction\",\"target\":{\"@type\":\"EntryPoint\",\"urlTemplate\":\"https:\/\/bonosindeposito.gratis\/?s={search_term_string}\"},\"query-input\":{\"@type\":\"PropertyValueSpecification\",\"valueRequired\":true,\"valueName\":\"search_term_string\"}}],\"inLanguage\":\"es-CO\"},{\"@type\":\"Organization\",\"@id\":\"https:\/\/bonosindeposito.gratis\/#organization\",\"name\":\"Bonos sin Deposito de Apuestas\",\"url\":\"https:\/\/bonosindeposito.gratis\/\",\"logo\":{\"@type\":\"ImageObject\",\"inLanguage\":\"es-CO\",\"@id\":\"https:\/\/bonosindeposito.gratis\/#\/schema\/logo\/image\/\",\"url\":\"https:\/\/bonosindeposito.gratis\/wp-content\/uploads\/2018\/06\/logo-bonosindeposito.jpg\",\"contentUrl\":\"https:\/\/bonosindeposito.gratis\/wp-content\/uploads\/2018\/06\/logo-bonosindeposito.jpg\",\"width\":350,\"height\":70,\"caption\":\"Bonos sin Deposito de Apuestas\"},\"image\":{\"@id\":\"https:\/\/bonosindeposito.gratis\/#\/schema\/logo\/image\/\"}}]}<\/script>\n<!-- \/ Yoast SEO Premium plugin. -->","yoast_head_json":{"title":"Zamba bono casino \u00bb Juega al casino con el 50% Extra hasta $100.000 COP - Bonos sin Deposito de Apuestas","robots":{"index":"index","follow":"follow","max-snippet":"max-snippet:-1","max-image-preview":"max-image-preview:large","max-video-preview":"max-video-preview:-1"},"canonical":"https:\/\/bonosindeposito.gratis\/co\/zamba-bono-casino\/","og_locale":"es_ES","og_type":"article","og_title":"Zamba bono casino \u00bb Juega al casino con el 50% Extra hasta $100.000 COP - Bonos sin Deposito de Apuestas","og_description":"Todo lo que tienes que saber sobre Zamba Colombia CARACTER\u00cdSTICAS GENERALES Como obtener el Zamba bono casino: 50% extra hasta $100.000 COP Preguntas frecuentes sobre Zamba Colombia","og_url":"https:\/\/bonosindeposito.gratis\/co\/zamba-bono-casino\/","og_site_name":"Bonos sin Deposito de Apuestas","article_modified_time":"2021-07-26T19:09:06+00:00","og_image":[{"width":633,"height":220,"url":"https:\/\/bonosindeposito.gratis\/wp-content\/uploads\/2021\/07\/zamba-bono-casino.jpg","type":"image\/jpeg"}],"twitter_card":"summary_large_image","twitter_misc":{"Tiempo de lectura":"8 minutos"},"schema":{"@context":"https:\/\/schema.org","@graph":[{"@type":"WebPage","@id":"https:\/\/bonosindeposito.gratis\/co\/zamba-bono-casino\/","url":"https:\/\/bonosindeposito.gratis\/co\/zamba-bono-casino\/","name":"Zamba bono casino \u00bb Juega al casino con el 50% Extra hasta $100.000 COP - Bonos sin Deposito de Apuestas","isPartOf":{"@id":"https:\/\/bonosindeposito.gratis\/#website"},"primaryImageOfPage":{"@id":"https:\/\/bonosindeposito.gratis\/co\/zamba-bono-casino\/#primaryimage"},"image":{"@id":"https:\/\/bonosindeposito.gratis\/co\/zamba-bono-casino\/#primaryimage"},"thumbnailUrl":"https:\/\/bonosindeposito.gratis\/wp-content\/uploads\/2021\/07\/zamba-bono-casino.jpg","datePublished":"2021-07-26T19:09:03+00:00","dateModified":"2021-07-26T19:09:06+00:00","breadcrumb":{"@id":"https:\/\/bonosindeposito.gratis\/co\/zamba-bono-casino\/#breadcrumb"},"inLanguage":"es-CO","potentialAction":[{"@type":"ReadAction","target":["https:\/\/bonosindeposito.gratis\/co\/zamba-bono-casino\/"]}]},{"@type":"ImageObject","inLanguage":"es-CO","@id":"https:\/\/bonosindeposito.gratis\/co\/zamba-bono-casino\/#primaryimage","url":"https:\/\/bonosindeposito.gratis\/wp-content\/uploads\/2021\/07\/zamba-bono-casino.jpg","contentUrl":"https:\/\/bonosindeposito.gratis\/wp-content\/uploads\/2021\/07\/zamba-bono-casino.jpg"},{"@type":"BreadcrumbList","@id":"https:\/\/bonosindeposito.gratis\/co\/zamba-bono-casino\/#breadcrumb","itemListElement":[{"@type":"ListItem","position":1,"name":"Portada","item":"https:\/\/bonosindeposito.gratis\/"},{"@type":"ListItem","position":2,"name":"Zamba bono casino \u00bb Juega al casino con el 50% Extra hasta $100.000 COP"}]},{"@type":"WebSite","@id":"https:\/\/bonosindeposito.gratis\/#website","url":"https:\/\/bonosindeposito.gratis\/","name":"Bonos sin Deposito de Apuestas","description":"","publisher":{"@id":"https:\/\/bonosindeposito.gratis\/#organization"},"potentialAction":[{"@type":"SearchAction","target":{"@type":"EntryPoint","urlTemplate":"https:\/\/bonosindeposito.gratis\/?s={search_term_string}"},"query-input":{"@type":"PropertyValueSpecification","valueRequired":true,"valueName":"search_term_string"}}],"inLanguage":"es-CO"},{"@type":"Organization","@id":"https:\/\/bonosindeposito.gratis\/#organization","name":"Bonos sin Deposito de Apuestas","url":"https:\/\/bonosindeposito.gratis\/","logo":{"@type":"ImageObject","inLanguage":"es-CO","@id":"https:\/\/bonosindeposito.gratis\/#\/schema\/logo\/image\/","url":"https:\/\/bonosindeposito.gratis\/wp-content\/uploads\/2018\/06\/logo-bonosindeposito.jpg","contentUrl":"https:\/\/bonosindeposito.gratis\/wp-content\/uploads\/2018\/06\/logo-bonosindeposito.jpg","width":350,"height":70,"caption":"Bonos sin Deposito de Apuestas"},"image":{"@id":"https:\/\/bonosindeposito.gratis\/#\/schema\/logo\/image\/"}}]}},"uagb_featured_image_src":{"full":false,"thumbnail":false,"medium":false,"medium_large":false,"large":false,"1536x1536":false,"2048x2048":false},"uagb_author_info":{"display_name":"admin","author_link":"https:\/\/bonosindeposito.gratis\/co\/author\/admin\/"},"uagb_comment_info":0,"uagb_excerpt":"Todo lo que tienes que saber sobre Zamba Colombia CARACTER\u00cdSTICAS GENERALES Como obtener el Zamba bono casino: 50% extra hasta $100.000 COP Preguntas frecuentes sobre Zamba Colombia","_links":{"self":[{"href":"https:\/\/bonosindeposito.gratis\/co\/wp-json\/wp\/v2\/pages\/20982","targetHints":{"allow":["GET"]}}],"collection":[{"href":"https:\/\/bonosindeposito.gratis\/co\/wp-json\/wp\/v2\/pages"}],"about":[{"href":"https:\/\/bonosindeposito.gratis\/co\/wp-json\/wp\/v2\/types\/page"}],"author":[{"embeddable":true,"href":"https:\/\/bonosindeposito.gratis\/co\/wp-json\/wp\/v2\/users\/1"}],"replies":[{"embeddable":true,"href":"https:\/\/bonosindeposito.gratis\/co\/wp-json\/wp\/v2\/comments?post=20982"}],"version-history":[{"count":0,"href":"https:\/\/bonosindeposito.gratis\/co\/wp-json\/wp\/v2\/pages\/20982\/revisions"}],"wp:attachment":[{"href":"https:\/\/bonosindeposito.gratis\/co\/wp-json\/wp\/v2\/media?parent=20982"}],"curies":[{"name":"wp","href":"https:\/\/api.w.org\/{rel}","templated":true}]}}