{"id":19825,"date":"2021-04-20T13:33:03","date_gmt":"2021-04-20T11:33:03","guid":{"rendered":"https:\/\/bonosindeposito.gratis\/?page_id=19825"},"modified":"2021-04-20T13:38:13","modified_gmt":"2021-04-20T11:38:13","slug":"inicio-mexico","status":"publish","type":"page","link":"https:\/\/bonosindeposito.gratis\/mx\/inicio-mexico\/","title":{"rendered":"Inicio Mexico"},"content":{"rendered":"\t\t<div data-elementor-type=\"wp-page\" data-elementor-id=\"19825\" class=\"elementor elementor-19825\" data-elementor-post-type=\"page\">\n\t\t\t\t\t\t<section class=\"elementor-section elementor-top-section elementor-element elementor-element-7194f49b elementor-section-boxed elementor-section-height-default elementor-section-height-default\" data-id=\"7194f49b\" data-element_type=\"section\">\n\t\t\t\t\t\t<div class=\"elementor-container elementor-column-gap-default\">\n\t\t\t\t\t<div class=\"elementor-column elementor-col-100 elementor-top-column elementor-element elementor-element-6e1a4df7\" data-id=\"6e1a4df7\" data-element_type=\"column\">\n\t\t\t<div class=\"elementor-widget-wrap elementor-element-populated\">\n\t\t\t\t\t\t<div class=\"elementor-element elementor-element-b99b20 elementor-widget elementor-widget-text-editor\" data-id=\"b99b20\" data-element_type=\"widget\" data-widget_type=\"text-editor.default\">\n\t\t\t\t<div class=\"elementor-widget-container\">\n\t\t\t\t\t\t\t\t\tprueba\t\t\t\t\t\t\t\t<\/div>\n\t\t\t\t<\/div>\n\t\t\t\t\t<\/div>\n\t\t<\/div>\n\t\t\t\t\t<\/div>\n\t\t<\/section>\n\t\t\t\t<section class=\"elementor-section elementor-top-section elementor-element elementor-element-f0924f1 elementor-section-boxed elementor-section-height-default elementor-section-height-default\" data-id=\"f0924f1\" data-element_type=\"section\">\n\t\t\t\t\t\t<div class=\"elementor-container elementor-column-gap-default\">\n\t\t\t\t\t<div class=\"elementor-column elementor-col-100 elementor-top-column elementor-element elementor-element-1a7be39\" data-id=\"1a7be39\" data-element_type=\"column\">\n\t\t\t<div class=\"elementor-widget-wrap elementor-element-populated\">\n\t\t\t\t\t\t<div class=\"elementor-element elementor-element-dba8b46 elementor-widget elementor-widget-heading\" data-id=\"dba8b46\" data-element_type=\"widget\" data-widget_type=\"heading.default\">\n\t\t\t\t<div class=\"elementor-widget-container\">\n\t\t\t\t\t<h2 class=\"elementor-heading-title elementor-size-default\">Los mejores bonos sin deposito de Mexico , actualizados a May 2026<\/h2>\t\t\t\t<\/div>\n\t\t\t\t<\/div>\n\t\t\t\t<div class=\"elementor-element elementor-element-b3662ae elementor-widget elementor-widget-text-editor\" data-id=\"b3662ae\" data-element_type=\"widget\" data-widget_type=\"text-editor.default\">\n\t\t\t\t<div class=\"elementor-widget-container\">\n\t\t\t\t\t\t\t\t\t<p style=\"text-align: left;\"><span style=\"color: #000000;\">Nos lo estab\u00e1is pidiendo desde hace meses y es que hicieramos un listado con<b> los mejores bonos sin dep\u00f3sito para el mercado Mexicano<\/b>, la verdad que cada vez tenemos una mayor presencia de bonos sin dep\u00f3sito y confiamos en que en no mucho tiempo la mayor parte de las casas de apuestas se animen a contar con <b>m\u00e1s bonos sin deposito gratis<\/b><\/span><\/p><p style=\"text-align: left;\"><span style=\"color: #000000;\">Para determinar cu\u00e1les son los mejores <strong>bonos sin dep\u00f3sito de M\u00e9xico<\/strong>, ha sido necesario analizar varios factores. Y es que, como te puedes imaginar, no siempre el bono que ofrece una cantidad de dinero m\u00e1s grande es el mejor. Hay muchos aspectos que nos hablan de la calidad del bono y de lo que podemos conseguir con \u00e9l.<\/span><\/p><p style=\"text-align: left;\"><span style=\"color: #000000;\">El ranking lo hemos realizado atendiendo al tipo de bono sin deposito que nos ofrecen , lo f\u00e1cil o dif\u00edcil que es conseguirlo, si nos lo ofrecen en pesos, nos lo ofrecen en dolares o incluso en Euros, favoreciendo a aquellas casas que nos los ofrezcan en pesos mexican<\/span><span style=\"color: #000000;\">os.<\/span><\/p><p style=\"text-align: left;\"><span style=\"color: #000000;\">Esta es la lista de los <strong>mejores bonos sin dep\u00f3sito<\/strong>\u00a0para realizar apuestas deportivas online en M\u00e9xico:\u00a0<\/span><\/p>\t\t\t\t\t\t\t\t<\/div>\n\t\t\t\t<\/div>\n\t\t\t\t\t<\/div>\n\t\t<\/div>\n\t\t\t\t\t<\/div>\n\t\t<\/section>\n\t\t\t\t<section class=\"elementor-section elementor-top-section elementor-element elementor-element-858ccb5 elementor-section-boxed elementor-section-height-default elementor-section-height-default\" data-id=\"858ccb5\" data-element_type=\"section\">\n\t\t\t\t\t\t<div class=\"elementor-container elementor-column-gap-default\">\n\t\t\t\t\t<div class=\"elementor-column elementor-col-100 elementor-top-column elementor-element elementor-element-e32f32a\" data-id=\"e32f32a\" data-element_type=\"column\">\n\t\t\t<div class=\"elementor-widget-wrap elementor-element-populated\">\n\t\t\t\t\t\t<div class=\"elementor-element elementor-element-6bf07e1 elementor-widget elementor-widget-heading\" data-id=\"6bf07e1\" data-element_type=\"widget\" data-widget_type=\"heading.default\">\n\t\t\t\t<div class=\"elementor-widget-container\">\n\t\t\t\t\t<h2 class=\"elementor-heading-title elementor-size-default\">Bonos sin deposito para Apuestas deportivas y casino en Mexico<\/h2>\t\t\t\t<\/div>\n\t\t\t\t<\/div>\n\t\t\t\t\t<\/div>\n\t\t<\/div>\n\t\t\t\t\t<\/div>\n\t\t<\/section>\n\t\t\t\t<section class=\"elementor-section elementor-top-section elementor-element elementor-element-03a1014 elementor-section-boxed elementor-section-height-default elementor-section-height-default\" data-id=\"03a1014\" data-element_type=\"section\">\n\t\t\t\t\t\t<div class=\"elementor-container elementor-column-gap-default\">\n\t\t\t\t\t<div class=\"elementor-column elementor-col-33 elementor-top-column elementor-element elementor-element-cfb95f8\" data-id=\"cfb95f8\" data-element_type=\"column\" data-settings=\"{&quot;background_background&quot;:&quot;classic&quot;}\">\n\t\t\t<div class=\"elementor-widget-wrap elementor-element-populated\">\n\t\t\t\t\t\t<div class=\"elementor-element elementor-element-8e30cd8 elementor-widget elementor-widget-image\" data-id=\"8e30cd8\" data-element_type=\"widget\" data-widget_type=\"image.default\">\n\t\t\t\t<div class=\"elementor-widget-container\">\n\t\t\t\t\t\t\t\t\t\t\t\t\t\t\t\t<a href=\"https:\/\/recor.to\/coderemx\" target=\"_blank\" rel=\"nofollow noopener sponsored\">\n\t\t\t\t\t\t\t<img fetchpriority=\"high\" decoding=\"async\" width=\"300\" height=\"300\" src=\"https:\/\/bonosindeposito.gratis\/wp-content\/uploads\/2020\/11\/logo-codere-2020-300x300-TR.png\" class=\"attachment-full size-full wp-image-5811\" alt=\"\" srcset=\"https:\/\/bonosindeposito.gratis\/wp-content\/uploads\/2020\/11\/logo-codere-2020-300x300-TR.png 300w, https:\/\/bonosindeposito.gratis\/wp-content\/uploads\/2020\/11\/logo-codere-2020-300x300-TR-150x150.png 150w\" sizes=\"(max-width: 300px) 100vw, 300px\" \/>\t\t\t\t\t\t\t\t<\/a>\n\t\t\t\t\t\t\t\t\t\t\t\t\t\t\t<\/div>\n\t\t\t\t<\/div>\n\t\t\t\t\t<\/div>\n\t\t<\/div>\n\t\t\t\t<div class=\"elementor-column elementor-col-33 elementor-top-column elementor-element elementor-element-5eb6a02\" data-id=\"5eb6a02\" data-element_type=\"column\" data-settings=\"{&quot;background_background&quot;:&quot;classic&quot;}\">\n\t\t\t<div class=\"elementor-widget-wrap elementor-element-populated\">\n\t\t\t\t\t\t<div class=\"elementor-element elementor-element-742bd8b elementor-widget__width-auto elementor-widget elementor-widget-heading\" data-id=\"742bd8b\" data-element_type=\"widget\" data-widget_type=\"heading.default\">\n\t\t\t\t<div class=\"elementor-widget-container\">\n\t\t\t\t\t<span class=\"elementor-heading-title elementor-size-default\">Bono sin deposito codere<\/span>\t\t\t\t<\/div>\n\t\t\t\t<\/div>\n\t\t\t\t\t<\/div>\n\t\t<\/div>\n\t\t\t\t<div class=\"elementor-column elementor-col-33 elementor-top-column elementor-element elementor-element-6d1804c\" data-id=\"6d1804c\" data-element_type=\"column\" data-settings=\"{&quot;background_background&quot;:&quot;classic&quot;}\">\n\t\t\t<div class=\"elementor-widget-wrap\">\n\t\t\t\t\t\t\t<\/div>\n\t\t<\/div>\n\t\t\t\t\t<\/div>\n\t\t<\/section>\n\t\t\t\t<\/div>\n\t\t","protected":false},"excerpt":{"rendered":"<p>prueba Los mejores bonos sin deposito de Mexico , actualizados a May 2026 Nos lo estab\u00e1is pidiendo desde hace meses y es que hicieramos un listado con los mejores bonos sin dep\u00f3sito para el mercado Mexicano, la verdad que cada vez tenemos una mayor presencia de bonos sin dep\u00f3sito y confiamos en que en no &#8230; <a title=\"Inicio Mexico\" class=\"read-more\" href=\"https:\/\/bonosindeposito.gratis\/mx\/inicio-mexico\/\" aria-label=\"Leer m\u00e1s sobre Inicio Mexico\">Read more<\/a><\/p>\n","protected":false},"author":2,"featured_media":0,"parent":0,"menu_order":0,"comment_status":"closed","ping_status":"closed","template":"elementor_header_footer","meta":{"_uag_custom_page_level_css":"","generate_page_header":"","footnotes":""},"class_list":["post-19825","page","type-page","status-publish"],"yoast_head":"<!-- This site is optimized with the Yoast SEO Premium plugin v27.1 (Yoast SEO v26.6) - https:\/\/yoast.com\/wordpress\/plugins\/seo\/ -->\n<title>Inicio Mexico - Bonos sin Deposito de Apuestas<\/title>\n<meta name=\"robots\" content=\"index, follow, max-snippet:-1, max-image-preview:large, max-video-preview:-1\" \/>\n<link rel=\"canonical\" href=\"https:\/\/bonosindeposito.gratis\/mx\/inicio-mexico\/\" \/>\n<meta property=\"og:locale\" content=\"es_MX\" \/>\n<meta property=\"og:type\" content=\"article\" \/>\n<meta property=\"og:title\" content=\"Inicio Mexico - Bonos sin Deposito de Apuestas\" \/>\n<meta property=\"og:description\" content=\"prueba Los mejores bonos sin deposito de Mexico , actualizados a May 2026 Nos lo estab\u00e1is pidiendo desde hace meses y es que hicieramos un listado con los mejores bonos sin dep\u00f3sito para el mercado Mexicano, la verdad que cada vez tenemos una mayor presencia de bonos sin dep\u00f3sito y confiamos en que en no ... Read more\" \/>\n<meta property=\"og:url\" content=\"https:\/\/bonosindeposito.gratis\/mx\/inicio-mexico\/\" \/>\n<meta property=\"og:site_name\" content=\"Bonos sin Deposito de Apuestas\" \/>\n<meta property=\"article:modified_time\" content=\"2021-04-20T11:38:13+00:00\" \/>\n<meta property=\"og:image\" content=\"https:\/\/bonosindeposito.gratis\/wp-content\/uploads\/2020\/11\/logo-codere-2020-300x300-TR.png\" \/>\n<meta name=\"twitter:card\" content=\"summary_large_image\" \/>\n<meta name=\"twitter:label1\" content=\"Tiempo de lectura\" \/>\n\t<meta name=\"twitter:data1\" content=\"1 minuto\" \/>\n<script type=\"application\/ld+json\" class=\"yoast-schema-graph\">{\"@context\":\"https:\/\/schema.org\",\"@graph\":[{\"@type\":\"WebPage\",\"@id\":\"https:\/\/bonosindeposito.gratis\/mx\/inicio-mexico\/\",\"url\":\"https:\/\/bonosindeposito.gratis\/mx\/inicio-mexico\/\",\"name\":\"Inicio Mexico - Bonos sin Deposito de Apuestas\",\"isPartOf\":{\"@id\":\"https:\/\/bonosindeposito.gratis\/#website\"},\"primaryImageOfPage\":{\"@id\":\"https:\/\/bonosindeposito.gratis\/mx\/inicio-mexico\/#primaryimage\"},\"image\":{\"@id\":\"https:\/\/bonosindeposito.gratis\/mx\/inicio-mexico\/#primaryimage\"},\"thumbnailUrl\":\"https:\/\/bonosindeposito.gratis\/wp-content\/uploads\/2020\/11\/logo-codere-2020-300x300-TR.png\",\"datePublished\":\"2021-04-20T11:33:03+00:00\",\"dateModified\":\"2021-04-20T11:38:13+00:00\",\"breadcrumb\":{\"@id\":\"https:\/\/bonosindeposito.gratis\/mx\/inicio-mexico\/#breadcrumb\"},\"inLanguage\":\"es\",\"potentialAction\":[{\"@type\":\"ReadAction\",\"target\":[\"https:\/\/bonosindeposito.gratis\/mx\/inicio-mexico\/\"]}]},{\"@type\":\"ImageObject\",\"inLanguage\":\"es\",\"@id\":\"https:\/\/bonosindeposito.gratis\/mx\/inicio-mexico\/#primaryimage\",\"url\":\"https:\/\/bonosindeposito.gratis\/wp-content\/uploads\/2020\/11\/logo-codere-2020-300x300-TR.png\",\"contentUrl\":\"https:\/\/bonosindeposito.gratis\/wp-content\/uploads\/2020\/11\/logo-codere-2020-300x300-TR.png\"},{\"@type\":\"BreadcrumbList\",\"@id\":\"https:\/\/bonosindeposito.gratis\/mx\/inicio-mexico\/#breadcrumb\",\"itemListElement\":[{\"@type\":\"ListItem\",\"position\":1,\"name\":\"Portada\",\"item\":\"https:\/\/bonosindeposito.gratis\/\"},{\"@type\":\"ListItem\",\"position\":2,\"name\":\"Inicio Mexico\"}]},{\"@type\":\"WebSite\",\"@id\":\"https:\/\/bonosindeposito.gratis\/#website\",\"url\":\"https:\/\/bonosindeposito.gratis\/\",\"name\":\"Bonos sin Deposito de Apuestas\",\"description\":\"\",\"publisher\":{\"@id\":\"https:\/\/bonosindeposito.gratis\/#organization\"},\"potentialAction\":[{\"@type\":\"SearchAction\",\"target\":{\"@type\":\"EntryPoint\",\"urlTemplate\":\"https:\/\/bonosindeposito.gratis\/?s={search_term_string}\"},\"query-input\":{\"@type\":\"PropertyValueSpecification\",\"valueRequired\":true,\"valueName\":\"search_term_string\"}}],\"inLanguage\":\"es\"},{\"@type\":\"Organization\",\"@id\":\"https:\/\/bonosindeposito.gratis\/#organization\",\"name\":\"Bonos sin Deposito de Apuestas\",\"url\":\"https:\/\/bonosindeposito.gratis\/\",\"logo\":{\"@type\":\"ImageObject\",\"inLanguage\":\"es\",\"@id\":\"https:\/\/bonosindeposito.gratis\/#\/schema\/logo\/image\/\",\"url\":\"https:\/\/bonosindeposito.gratis\/wp-content\/uploads\/2018\/06\/logo-bonosindeposito.jpg\",\"contentUrl\":\"https:\/\/bonosindeposito.gratis\/wp-content\/uploads\/2018\/06\/logo-bonosindeposito.jpg\",\"width\":350,\"height\":70,\"caption\":\"Bonos sin Deposito de Apuestas\"},\"image\":{\"@id\":\"https:\/\/bonosindeposito.gratis\/#\/schema\/logo\/image\/\"}}]}<\/script>\n<!-- \/ Yoast SEO Premium plugin. -->","yoast_head_json":{"title":"Inicio Mexico - Bonos sin Deposito de Apuestas","robots":{"index":"index","follow":"follow","max-snippet":"max-snippet:-1","max-image-preview":"max-image-preview:large","max-video-preview":"max-video-preview:-1"},"canonical":"https:\/\/bonosindeposito.gratis\/mx\/inicio-mexico\/","og_locale":"es_MX","og_type":"article","og_title":"Inicio Mexico - Bonos sin Deposito de Apuestas","og_description":"prueba Los mejores bonos sin deposito de Mexico , actualizados a May 2026 Nos lo estab\u00e1is pidiendo desde hace meses y es que hicieramos un listado con los mejores bonos sin dep\u00f3sito para el mercado Mexicano, la verdad que cada vez tenemos una mayor presencia de bonos sin dep\u00f3sito y confiamos en que en no ... Read more","og_url":"https:\/\/bonosindeposito.gratis\/mx\/inicio-mexico\/","og_site_name":"Bonos sin Deposito de Apuestas","article_modified_time":"2021-04-20T11:38:13+00:00","og_image":[{"url":"https:\/\/bonosindeposito.gratis\/wp-content\/uploads\/2020\/11\/logo-codere-2020-300x300-TR.png","type":"","width":"","height":""}],"twitter_card":"summary_large_image","twitter_misc":{"Tiempo de lectura":"1 minuto"},"schema":{"@context":"https:\/\/schema.org","@graph":[{"@type":"WebPage","@id":"https:\/\/bonosindeposito.gratis\/mx\/inicio-mexico\/","url":"https:\/\/bonosindeposito.gratis\/mx\/inicio-mexico\/","name":"Inicio Mexico - Bonos sin Deposito de Apuestas","isPartOf":{"@id":"https:\/\/bonosindeposito.gratis\/#website"},"primaryImageOfPage":{"@id":"https:\/\/bonosindeposito.gratis\/mx\/inicio-mexico\/#primaryimage"},"image":{"@id":"https:\/\/bonosindeposito.gratis\/mx\/inicio-mexico\/#primaryimage"},"thumbnailUrl":"https:\/\/bonosindeposito.gratis\/wp-content\/uploads\/2020\/11\/logo-codere-2020-300x300-TR.png","datePublished":"2021-04-20T11:33:03+00:00","dateModified":"2021-04-20T11:38:13+00:00","breadcrumb":{"@id":"https:\/\/bonosindeposito.gratis\/mx\/inicio-mexico\/#breadcrumb"},"inLanguage":"es","potentialAction":[{"@type":"ReadAction","target":["https:\/\/bonosindeposito.gratis\/mx\/inicio-mexico\/"]}]},{"@type":"ImageObject","inLanguage":"es","@id":"https:\/\/bonosindeposito.gratis\/mx\/inicio-mexico\/#primaryimage","url":"https:\/\/bonosindeposito.gratis\/wp-content\/uploads\/2020\/11\/logo-codere-2020-300x300-TR.png","contentUrl":"https:\/\/bonosindeposito.gratis\/wp-content\/uploads\/2020\/11\/logo-codere-2020-300x300-TR.png"},{"@type":"BreadcrumbList","@id":"https:\/\/bonosindeposito.gratis\/mx\/inicio-mexico\/#breadcrumb","itemListElement":[{"@type":"ListItem","position":1,"name":"Portada","item":"https:\/\/bonosindeposito.gratis\/"},{"@type":"ListItem","position":2,"name":"Inicio Mexico"}]},{"@type":"WebSite","@id":"https:\/\/bonosindeposito.gratis\/#website","url":"https:\/\/bonosindeposito.gratis\/","name":"Bonos sin Deposito de Apuestas","description":"","publisher":{"@id":"https:\/\/bonosindeposito.gratis\/#organization"},"potentialAction":[{"@type":"SearchAction","target":{"@type":"EntryPoint","urlTemplate":"https:\/\/bonosindeposito.gratis\/?s={search_term_string}"},"query-input":{"@type":"PropertyValueSpecification","valueRequired":true,"valueName":"search_term_string"}}],"inLanguage":"es"},{"@type":"Organization","@id":"https:\/\/bonosindeposito.gratis\/#organization","name":"Bonos sin Deposito de Apuestas","url":"https:\/\/bonosindeposito.gratis\/","logo":{"@type":"ImageObject","inLanguage":"es","@id":"https:\/\/bonosindeposito.gratis\/#\/schema\/logo\/image\/","url":"https:\/\/bonosindeposito.gratis\/wp-content\/uploads\/2018\/06\/logo-bonosindeposito.jpg","contentUrl":"https:\/\/bonosindeposito.gratis\/wp-content\/uploads\/2018\/06\/logo-bonosindeposito.jpg","width":350,"height":70,"caption":"Bonos sin Deposito de Apuestas"},"image":{"@id":"https:\/\/bonosindeposito.gratis\/#\/schema\/logo\/image\/"}}]}},"uagb_featured_image_src":{"full":false,"thumbnail":false,"medium":false,"medium_large":false,"large":false,"1536x1536":false,"2048x2048":false},"uagb_author_info":{"display_name":"Josean","author_link":"https:\/\/bonosindeposito.gratis\/mx\/author\/josean\/"},"uagb_comment_info":0,"uagb_excerpt":"prueba Los mejores bonos sin deposito de Mexico , actualizados a May 2026 Nos lo estab\u00e1is pidiendo desde hace meses y es que hicieramos un listado con los mejores bonos sin dep\u00f3sito para el mercado Mexicano, la verdad que cada vez tenemos una mayor presencia de bonos sin dep\u00f3sito y confiamos en que en no&hellip;","_links":{"self":[{"href":"https:\/\/bonosindeposito.gratis\/mx\/wp-json\/wp\/v2\/pages\/19825","targetHints":{"allow":["GET"]}}],"collection":[{"href":"https:\/\/bonosindeposito.gratis\/mx\/wp-json\/wp\/v2\/pages"}],"about":[{"href":"https:\/\/bonosindeposito.gratis\/mx\/wp-json\/wp\/v2\/types\/page"}],"author":[{"embeddable":true,"href":"https:\/\/bonosindeposito.gratis\/mx\/wp-json\/wp\/v2\/users\/2"}],"replies":[{"embeddable":true,"href":"https:\/\/bonosindeposito.gratis\/mx\/wp-json\/wp\/v2\/comments?post=19825"}],"version-history":[{"count":0,"href":"https:\/\/bonosindeposito.gratis\/mx\/wp-json\/wp\/v2\/pages\/19825\/revisions"}],"wp:attachment":[{"href":"https:\/\/bonosindeposito.gratis\/mx\/wp-json\/wp\/v2\/media?parent=19825"}],"curies":[{"name":"wp","href":"https:\/\/api.w.org\/{rel}","templated":true}]}}