{"id":22531,"date":"2021-10-15T04:18:38","date_gmt":"2021-10-15T02:18:38","guid":{"rendered":"https:\/\/bonosindeposito.gratis\/?page_id=22531"},"modified":"2023-12-04T18:50:35","modified_gmt":"2023-12-04T17:50:35","slug":"dafabet","status":"publish","type":"page","link":"https:\/\/bonosindeposito.gratis\/pe\/dafabet\/","title":{"rendered":"Dafabet | Todos los bonos actualizados Octubre 2021"},"content":{"rendered":"\n<p><strong>Dafabet es una de las casas m\u00e1s reconocidas en todo el mundo, es por eso que hoy te traemos una gran informaci\u00f3n sobre ella misma. Te damos la bienvenida un nuevo post dentro de nuestra p\u00e1gina. Acostumbramos a traerte la mejor informaci\u00f3n sobre casas de apuestas dentro del gran Per\u00fa y hoy no te fallaremos. Te vamos a contar todo lo que tienes que saber sobre los bonos de Dafabet.<\/strong> Dentro de esta p\u00e1gina existen much\u00edsimas promociones que sin dudas querr\u00e1s aprovechar y descubrir con el tiempo. Nos dedicaremos a contarte cada detalle de estas ofertas \u00fanicas y totalmente gratuitas que puedes conseguir. Cuando veas todos los bonos disponibles no lo podr\u00e1s creer, aqu\u00ed estamos para ayudarte a ti.<\/p>\n<p>Te recomendamos que puedas ingresar dentro de la p\u00e1gina de esta casa para que bayas descubriendo todo lo que hay all\u00ed. <a href=\"https:\/\/recor.to\/dafabetpe\" rel=\"nofollow noopener sponsored\">Clickea aqu\u00ed <\/a>ahora mismo para poder ingresar all\u00ed dentro de la mejor forma. <strong>Tambi\u00e9n te dejamos aqu\u00ed <a href=\"https:\/\/bonosindeposito.gratis\/\">un post<\/a> en donde podr\u00e1s descubrir todo lo bueno de nuestros posteos diarios.<\/strong> Si quieres enterarte de todas las novedades del mercado de apuestas vis\u00edtanos. Nos encargaremos de contarte la historia de Dafabet y todo lo que tienes que saber sobre esta casa tan importante en el mundo. Lee atentamente y no olvides registrarte dentro de la misma. Es muy sencillo poder hacerlo y te contaremos m\u00e1s adelante como es que puedes lograrlo. Ahora s\u00ed, vamos con el post que tenemos preparado.<\/p>\n\n\n\n<figure class=\"wp-block-image size-full is-resized\"><a href=\"https:\/\/recor.to\/dafabetpe\" rel=\"nofollow noopener sponsored\"><img fetchpriority=\"high\" decoding=\"async\" width=\"1024\" height=\"576\" src=\"https:\/\/bonosindeposito.gratis\/wp-content\/uploads\/2021\/10\/dafabet.jpg\" alt=\"dafabet casino\" class=\"wp-image-22532\" srcset=\"https:\/\/bonosindeposito.gratis\/wp-content\/uploads\/2021\/10\/dafabet.jpg 1024w, https:\/\/bonosindeposito.gratis\/wp-content\/uploads\/2021\/10\/dafabet-300x169.jpg 300w, https:\/\/bonosindeposito.gratis\/wp-content\/uploads\/2021\/10\/dafabet-768x432.jpg 768w\" sizes=\"(max-width: 1024px) 100vw, 1024px\" \/><\/a><\/figure>\n\n\n\n<h2 class=\"wp-block-heading\"><strong>Todo lo que tienes que saber sobre Dafabet Per\u00fa<\/strong><\/h2>\n\n\n\n<p><strong>Si no conoces de que se trata <a href=\"https:\/\/recor.to\/dafabetpe\" rel=\"nofollow noopener sponsored\">Dafabet<\/a>, ni nunca has escuchado nombrar esta empresa, no te preocupes. Nos encargaremos de ayudarte y contarte todo lo que tienes que saber sobre una de las m\u00e1s grandes empresas a nivel apuestas en el mundo.<\/strong> Vamos a contarte sobre la historia de esta misma y como es que llego al lugar en donde hoy en d\u00eda la podemos ver. Como seguramente sabes, dentro de nuestro pa\u00eds, han empezado a surgir casas de apuestas en el \u00faltimo tiempo. Esto se debe a que las personas estaban aburridas y quer\u00edan buscar una nueva forma de entretenerse. Es as\u00ed como surgen nuevos usuarios apostadores dentro de varias casas de apuestas reconocidas dentro del gran Per\u00fa.<\/p>\n<p><strong>Para empezar, podemos decir que esta gran empresa empez\u00f3 dentro del mercado de las apuestas a partir del a\u00f1o 2004. Fue all\u00ed el momento en que Dafabet comenz\u00f3 su aventura dentro de este rubro buscando un lugar en donde meterse. Peleo con muchas otras casas que estaban hace m\u00e1s tiempo por un lugar en los primeros puestos de los usuarios<\/strong>. Con el tiempo fue creciendo y ganando experiencia a tal punto que llego a estar en donde hoy la podemos ver. Es una de las principales apuestas de la gente para poder realizar sus jugadas. Existen varios jugadores que no dudan un segundo en apostar dentro de esta casa en el sportsbook o dentro del casino. M\u00e1s adelante detallaremos m\u00e1s.<\/p>\n<p>Con poca experiencia en la cancha, Dafabet empezaba a aparecer en los radares de todas las personas.<strong> Al parecer tuvo una buena recepci\u00f3n dentro de Asia y as\u00ed es como fue llegando a distintas oportunidades. Es decir, esta casa hab\u00eda comenzado con los mercados asi\u00e1ticos y m\u00e1s tarde empez\u00f3 a patrocinar a ciertos equipos deportivos muy interesantes. Por ejemplo algunos del Reino Unido como lo son el Aston Villa, Blackburn Rovers, Celtic y muchos otros m\u00e1s.<\/strong> Fue as\u00ed como creci\u00f3 dentro de ese continente y m\u00e1s tarde se expandir\u00eda tambi\u00e9n por Latinoam\u00e9rica. Dentro de Per\u00fa es una de las casas que m\u00e1s llama la atenci\u00f3n, no es 100% nacional, pero s\u00ed que es una buena opci\u00f3n para jugar. <a href=\"https:\/\/recor.to\/dafabetpe\" rel=\"nofollow noopener sponsored\">Ingresa ahora<\/a>.<\/p>\n<p>Otro de los aspectos que podemos destacar hablando de patrocinios, son los actuales. <strong>Hoy en d\u00eda, Dafabet llego a un nivel tan alto de exposici\u00f3n y conocimiento que cuenta con muchos equipos como patrocinadores. Por ejemplo podemos encontrarnos con el C\u00e1diz de Espa\u00f1a, Santos de Brasil, Celtic, Sussex y muchos otros equipos m\u00e1s<\/strong>. Esto se debe a la gran fama de la casa y como es que llego a lo m\u00e1s alto del terreno marketing. La gente siempre tomo su llegada de la mejor manera y las rese\u00f1as fueron del todo positivas. Hasta el d\u00eda de hoy encontraras comentarios muy buenos sobre la casa que sin dudas te recomiendan jugar all\u00ed mismo. Dafabet es esto, cuenta con p\u00fablico muy optimista.<\/p>\n\n\n\n<h3 class=\"wp-block-heading\"><strong>LOS MEJORES M\u00c9TODOS DE PAGO<\/strong><\/h3>\n\n\n\n<p><strong>Si hay algo que si o si tienes que saber sobre una casa de apuestas, es sobre los dep\u00f3sitos. Puedes depositar dinero en tu cuenta es una de las acciones principales que tienes que aprender cuando ingresas en una nueva empresa como esta. Es muy sencillo de poder hacer y no te llevara demasiado tiempo.<\/strong> En el casino de <a href=\"https:\/\/recor.to\/dafabetpecasino\" rel=\"nofollow noopener sponsored\">Dafabet<\/a>, tendr\u00e1s que dirigirte hacia la secci\u00f3n de cajero en donde podr\u00e1s elegir entre depositar o retirar. Obviamente tendr\u00e1s que oprimir en depositar para elegir entre uno de los m\u00e9todos de pago disponibles de la casa y realizar una transacci\u00f3n de dinero. Algunos de los m\u00e9todos m\u00e1s destacados son:<strong> Visa, Mastercard, Skrill, Neteller, Bitcoin y muchos otros m\u00e1s disponibles para elegir.<\/strong><\/p>\n<p><strong>Debes de tener en cuenta que cada m\u00e9todo de pago cuenta con distintas caracter\u00edsticas que t\u00fa tendr\u00e1s que ver. Por ejemplo algunas tiene mayor tiempo de transacci\u00f3n, otras alguna tarifa especial por realizar el pago y as\u00ed con muchas otras cosas<\/strong>. Cada una tendr\u00e1 su m\u00ednimo de dep\u00f3sito y retiro como su m\u00e1ximo. <strong>Puedes aprovechar la maravillosa idea de utilizar las tan famosas criptomonedas para apostar con ellas mismas. Si eres de los que les gusta ahorrar en este nuevo tipo de moneda puedes hacerlo<\/strong>. Dafabet te da la oportunidad de poder utilizar una de las m\u00e1s innovadoras ideas que todo el mundo est\u00e1 utilizando. Es algo muy destacable de esta empresa y que sin dudas la hace crecer mucho.<\/p>\n\n\n\n<figure class=\"wp-block-image size-full is-resized\"><a href=\"https:\/\/recor.to\/dafabetpe\" rel=\"nofollow noopener sponsored\"><img decoding=\"async\" width=\"850\" height=\"385\" src=\"https:\/\/bonosindeposito.gratis\/wp-content\/uploads\/2021\/10\/dafabet-casino.jpg\" alt=\"dafabet\" class=\"wp-image-22538\" style=\"width:1420px;height:643px\" srcset=\"https:\/\/bonosindeposito.gratis\/wp-content\/uploads\/2021\/10\/dafabet-casino.jpg 850w, https:\/\/bonosindeposito.gratis\/wp-content\/uploads\/2021\/10\/dafabet-casino-300x136.jpg 300w, https:\/\/bonosindeposito.gratis\/wp-content\/uploads\/2021\/10\/dafabet-casino-768x348.jpg 768w\" sizes=\"(max-width: 850px) 100vw, 850px\" \/><\/a><\/figure>\n\n\n\n<h2 class=\"wp-block-heading\"><strong>Todos los bonos disponibles dentro de Dafabet<\/strong><\/h2>\n\n\n\n<p><strong>Ahora s\u00ed que ha llegado el momento de contarte sobre todos los bonos que puedes conseguir dentro de Dafabet. Es importante que prestes demasiada atenci\u00f3n para que realmente est\u00e9s al tanto de todos los detalles de estas ofertas \u00fanicas. Recuerda que siempre vas a tener que estar registrado para poder obtenerla, asique no pierdas tu tiempo y hazlo ahora mismo desde <a href=\"https:\/\/recor.to\/dafabetpe\" rel=\"nofollow noopener sponsored\">aqu\u00ed<\/a>.<\/strong> Una vez que est\u00e9s registrado ver\u00e1s que dentro de esta casa de apuestas podr\u00e1s hacer lo que t\u00fa quieras. Desde jugar dentro del mejor casino con todas las slots disponibles hasta apostar por eventos totalmente \u00fanicos e inigualables. Recuerda siempre tener en cuenta que esta casa es una de las mejores y m\u00e1s confiables de todo el mercado.<\/p>\n\n\n\n<h3 class=\"wp-block-heading\">BONO DE BIENVENIDA PARA APUESTAS DEPORTIVAS<\/h3>\n\n\n\n<p>Para conseguir este bono tendr\u00e1s que dirigirte hacia la secci\u00f3n de promociones de la casa. Cuando est\u00e9s all\u00ed encontraras este beneficio. <strong>Lo que tendr\u00e1s que hacer es realizar un dep\u00f3sito de m\u00ednimo 5 USD. Obtendr\u00e1s beneficios con tu primer dep\u00f3sito. El primero ser\u00e1 del 100% hasta 150 USD o 600 PEN.\u00a0<\/strong><\/p>\n\n\n\n<h3 class=\"wp-block-heading\">BONO DE BIENVENIDA PARA CASINO<\/h3>\n\n\n\n<p>Este bono de bienvenida es exclusivo para el casino de Dafabet y es algo distinto a lo que ya te hemos nombrado. Consiste en un beneficio de tus dos primeros dep\u00f3sitos. <strong>En tu primer dep\u00f3sito obtendr\u00e1s un 100% hasta un m\u00e1ximo de 100 USD o 400 PEN. Con tu segundo dep\u00f3sito tambi\u00e9n obtendr\u00e1s un 100% de beneficio hasta 100 USD o 400 PEN.<\/strong> Tendr\u00e1s que cumplir con los requisitos de apuestas necesarios.<\/p>\n\n\n\n<h3 class=\"wp-block-heading\">CAMINO A QATAR 2022<\/h3>\n\n\n\n<p>Esta promoci\u00f3n est\u00e1 apuntada para los partidos de eliminatorias de la selecci\u00f3n que a ti m\u00e1s te guste.<strong> Para poder obtener un cashback del 50% hasta 10 USD como m\u00e1ximo. Lo que tendr\u00e1s que hacer es buscar esta promoci\u00f3n dentro de Dafabet, puedes hacerlo <a href=\"https:\/\/recor.to\/dafabetpe\" rel=\"nofollow noopener sponsored\">aqu\u00ed<\/a>, y poner tu nombre en el formulario. Luego tendr\u00e1s que realizar una apuesta simple y con dinero real dentro del mercado de ganador del partido en la ronda 11 o 13 de clasificaci\u00f3n.\u00a0\u00a0<\/strong><\/p>\n\n\n\n<figure class=\"wp-block-image size-large is-resized\"><a href=\"https:\/\/recor.to\/dafabetpe\" rel=\"nofollow noopener sponsored\"><img decoding=\"async\" width=\"1024\" height=\"500\" src=\"https:\/\/bonosindeposito.gratis\/wp-content\/uploads\/2021\/10\/dafabet-apuestas-1024x500.png\" alt=\"dafabet\" class=\"wp-image-22571\" style=\"width:1420px;height:693px\" srcset=\"https:\/\/bonosindeposito.gratis\/wp-content\/uploads\/2021\/10\/dafabet-apuestas-1024x500.png 1024w, https:\/\/bonosindeposito.gratis\/wp-content\/uploads\/2021\/10\/dafabet-apuestas-300x146.png 300w, https:\/\/bonosindeposito.gratis\/wp-content\/uploads\/2021\/10\/dafabet-apuestas-768x375.png 768w, https:\/\/bonosindeposito.gratis\/wp-content\/uploads\/2021\/10\/dafabet-apuestas-1536x750.png 1536w, https:\/\/bonosindeposito.gratis\/wp-content\/uploads\/2021\/10\/dafabet-apuestas.png 1920w\" sizes=\"(max-width: 1024px) 100vw, 1024px\" \/><\/a><\/figure>\n\n\n\n<h3 class=\"wp-block-heading\"><strong>\u00bfTe gust\u00f3 Dafabet? Punt\u00faa:<\/strong><\/h3>\n\n\n<span id=\"post-ratings-22531\" class=\"post-ratings\" data-nonce=\"e194138e49\"><img decoding=\"async\" id=\"rating_22531_1\" src=\"https:\/\/bonosindeposito.gratis\/wp-content\/plugins\/wp-postratings\/images\/stars\/rating_on.gif\" alt=\"1 estrella\" title=\"1 estrella\" onmouseover=\"current_rating(22531, 1, '1 estrella');\" onmouseout=\"ratings_off(5, 0, 0);\" onclick=\"rate_post();\" onkeypress=\"rate_post();\" style=\"cursor: pointer; border: 0px;\" \/><img decoding=\"async\" id=\"rating_22531_2\" src=\"https:\/\/bonosindeposito.gratis\/wp-content\/plugins\/wp-postratings\/images\/stars\/rating_on.gif\" alt=\"2 estrellas\" title=\"2 estrellas\" onmouseover=\"current_rating(22531, 2, '2 estrellas');\" onmouseout=\"ratings_off(5, 0, 0);\" onclick=\"rate_post();\" onkeypress=\"rate_post();\" style=\"cursor: pointer; border: 0px;\" \/><img decoding=\"async\" id=\"rating_22531_3\" src=\"https:\/\/bonosindeposito.gratis\/wp-content\/plugins\/wp-postratings\/images\/stars\/rating_on.gif\" alt=\"3 estrellas\" title=\"3 estrellas\" onmouseover=\"current_rating(22531, 3, '3 estrellas');\" onmouseout=\"ratings_off(5, 0, 0);\" onclick=\"rate_post();\" onkeypress=\"rate_post();\" style=\"cursor: pointer; border: 0px;\" \/><img decoding=\"async\" id=\"rating_22531_4\" src=\"https:\/\/bonosindeposito.gratis\/wp-content\/plugins\/wp-postratings\/images\/stars\/rating_on.gif\" alt=\"4 estrellas\" title=\"4 estrellas\" onmouseover=\"current_rating(22531, 4, '4 estrellas');\" onmouseout=\"ratings_off(5, 0, 0);\" onclick=\"rate_post();\" onkeypress=\"rate_post();\" style=\"cursor: pointer; border: 0px;\" \/><img decoding=\"async\" id=\"rating_22531_5\" src=\"https:\/\/bonosindeposito.gratis\/wp-content\/plugins\/wp-postratings\/images\/stars\/rating_on.gif\" alt=\"5 estrellas\" title=\"5 estrellas\" onmouseover=\"current_rating(22531, 5, '5 estrellas');\" onmouseout=\"ratings_off(5, 0, 0);\" onclick=\"rate_post();\" onkeypress=\"rate_post();\" style=\"cursor: pointer; border: 0px;\" \/> (<strong>1<\/strong> votos, promedio: <strong>5,00<\/strong> de 5)<br \/><span class=\"post-ratings-text\" id=\"ratings_22531_text\"><\/span><\/span><span id=\"post-ratings-22531-loading\" class=\"post-ratings-loading\"><img loading=\"lazy\" decoding=\"async\" src=\"https:\/\/bonosindeposito.gratis\/wp-content\/plugins\/wp-postratings\/images\/loading.gif\" width=\"16\" height=\"16\" class=\"post-ratings-image\" \/>Loading...<\/span>\n\n\n\n<h2 class=\"wp-block-heading\"><strong>Preguntas frecuentes sobre Dafabet M\u00e9xico<\/strong><\/h2>\n\n\n\n<div class=\"wp-block-rank-math-faq-block\"><div class=\"rank-math-faq-item\"><h3 class=\"rank-math-question\">\u00bfVale la pena jugar dentro de Dafabet?<\/h3><div class=\"rank-math-answer\">Claro que vale la pena, es una casa de apuestas con mucha historia y que es muy exitosa.<\/div><\/div><div class=\"rank-math-faq-item\"><h3 class=\"rank-math-question\">\u00bfC\u00f3mo me registro dentro de Dafabet?<\/h3><div class=\"rank-math-answer\">Tienes que contar con una direcci\u00f3n de correo y tus datos personales.<\/div><\/div><div class=\"rank-math-faq-item\"><h3 class=\"rank-math-question\">\u00bfDe qu\u00e9 trata el bono bienvenida en apuestas de Dafabet?<\/h3><div class=\"rank-math-answer\">Este mismo te da beneficio para tus tres primeros dep\u00f3sitos.<\/div><\/div><div class=\"rank-math-faq-item\"><h3 class=\"rank-math-question\">\u00bfTiene Dafabet bono para casino?<\/h3><div class=\"rank-math-answer\">Claro, el mismo te da beneficios para tus primeros dos dep\u00f3sitos.<\/div><\/div><div class=\"rank-math-faq-item\"><h3 class=\"rank-math-question\">\u00bfCuenta Dafabet con muchos bonos?<\/h3><div class=\"rank-math-answer\">S\u00ed, puedes encontrarlos todos dentro de su p\u00e1gina.<\/div><\/div><div class=\"rank-math-faq-item\"><h3 class=\"rank-math-question\">\u00bfEs seguro y legal jugar en Dafabet?<\/h3><div class=\"rank-math-answer\">Por supuesto, esta casa cuenta con las licencias correspondientes.<\/div><\/div><div class=\"rank-math-faq-item\"><h3 class=\"rank-math-question\">\u00bfTiene Dafabet un buen dise\u00f1o?<\/h3><div class=\"rank-math-answer\">El dise\u00f1o de esta casa es muy atractivo.<\/div><\/div><\/div>\n","protected":false},"excerpt":{"rendered":"<p>Todo lo que tienes que saber sobre Dafabet Per\u00fa LOS MEJORES M\u00c9TODOS DE PAGO Todos los bonos disponibles dentro de Dafabet BONO DE BIENVENIDA PARA APUESTAS DEPORTIVAS BONO DE BIENVENIDA PARA CASINO CAMINO A QATAR 2022 \u00bfTe gust\u00f3 Dafabet? Punt\u00faa: Preguntas frecuentes sobre Dafabet M\u00e9xico<\/p>\n","protected":false},"author":1,"featured_media":0,"parent":0,"menu_order":0,"comment_status":"closed","ping_status":"closed","template":"","meta":{"_uag_custom_page_level_css":"","generate_page_header":"","footnotes":""},"class_list":["post-22531","page","type-page","status-publish"],"yoast_head":"<!-- This site is optimized with the Yoast SEO Premium plugin v27.1 (Yoast SEO v26.6) - https:\/\/yoast.com\/wordpress\/plugins\/seo\/ -->\n<title>Dafabet | Todos los bonos actualizados Octubre 2021 - Bonos sin Deposito de Apuestas<\/title>\n<meta name=\"robots\" content=\"index, follow, max-snippet:-1, max-image-preview:large, max-video-preview:-1\" \/>\n<link rel=\"canonical\" href=\"https:\/\/bonosindeposito.gratis\/pe\/dafabet\/\" \/>\n<meta property=\"og:locale\" content=\"es_ES\" \/>\n<meta property=\"og:type\" content=\"article\" \/>\n<meta property=\"og:title\" content=\"Dafabet | Todos los bonos actualizados Octubre 2021 - Bonos sin Deposito de Apuestas\" \/>\n<meta property=\"og:description\" content=\"Todo lo que tienes que saber sobre Dafabet Per\u00fa LOS MEJORES M\u00c9TODOS DE PAGO Todos los bonos disponibles dentro de Dafabet BONO DE BIENVENIDA PARA APUESTAS DEPORTIVAS BONO DE BIENVENIDA PARA CASINO CAMINO A QATAR 2022 \u00bfTe gust\u00f3 Dafabet? Punt\u00faa: Preguntas frecuentes sobre Dafabet M\u00e9xico\" \/>\n<meta property=\"og:url\" content=\"https:\/\/bonosindeposito.gratis\/pe\/dafabet\/\" \/>\n<meta property=\"og:site_name\" content=\"Bonos sin Deposito de Apuestas\" \/>\n<meta property=\"article:modified_time\" content=\"2023-12-04T17:50:35+00:00\" \/>\n<meta property=\"og:image\" content=\"https:\/\/bonosindeposito.gratis\/wp-content\/uploads\/2021\/10\/dafabet.jpg\" \/>\n\t<meta property=\"og:image:width\" content=\"1024\" \/>\n\t<meta property=\"og:image:height\" content=\"576\" \/>\n\t<meta property=\"og:image:type\" content=\"image\/jpeg\" \/>\n<meta name=\"twitter:card\" content=\"summary_large_image\" \/>\n<meta name=\"twitter:label1\" content=\"Est. reading time\" \/>\n\t<meta name=\"twitter:data1\" content=\"8 minutos\" \/>\n<script type=\"application\/ld+json\" class=\"yoast-schema-graph\">{\"@context\":\"https:\/\/schema.org\",\"@graph\":[{\"@type\":\"WebPage\",\"@id\":\"https:\/\/bonosindeposito.gratis\/pe\/dafabet\/\",\"url\":\"https:\/\/bonosindeposito.gratis\/pe\/dafabet\/\",\"name\":\"Dafabet | Todos los bonos actualizados Octubre 2021 - Bonos sin Deposito de Apuestas\",\"isPartOf\":{\"@id\":\"https:\/\/bonosindeposito.gratis\/#website\"},\"primaryImageOfPage\":{\"@id\":\"https:\/\/bonosindeposito.gratis\/pe\/dafabet\/#primaryimage\"},\"image\":{\"@id\":\"https:\/\/bonosindeposito.gratis\/pe\/dafabet\/#primaryimage\"},\"thumbnailUrl\":\"https:\/\/bonosindeposito.gratis\/wp-content\/uploads\/2021\/10\/dafabet.jpg\",\"datePublished\":\"2021-10-15T02:18:38+00:00\",\"dateModified\":\"2023-12-04T17:50:35+00:00\",\"breadcrumb\":{\"@id\":\"https:\/\/bonosindeposito.gratis\/pe\/dafabet\/#breadcrumb\"},\"inLanguage\":\"es-PE\",\"potentialAction\":[{\"@type\":\"ReadAction\",\"target\":[\"https:\/\/bonosindeposito.gratis\/pe\/dafabet\/\"]}]},{\"@type\":\"ImageObject\",\"inLanguage\":\"es-PE\",\"@id\":\"https:\/\/bonosindeposito.gratis\/pe\/dafabet\/#primaryimage\",\"url\":\"https:\/\/bonosindeposito.gratis\/wp-content\/uploads\/2021\/10\/dafabet.jpg\",\"contentUrl\":\"https:\/\/bonosindeposito.gratis\/wp-content\/uploads\/2021\/10\/dafabet.jpg\"},{\"@type\":\"BreadcrumbList\",\"@id\":\"https:\/\/bonosindeposito.gratis\/pe\/dafabet\/#breadcrumb\",\"itemListElement\":[{\"@type\":\"ListItem\",\"position\":1,\"name\":\"Portada\",\"item\":\"https:\/\/bonosindeposito.gratis\/\"},{\"@type\":\"ListItem\",\"position\":2,\"name\":\"Dafabet | Todos los bonos actualizados Octubre 2021\"}]},{\"@type\":\"WebSite\",\"@id\":\"https:\/\/bonosindeposito.gratis\/#website\",\"url\":\"https:\/\/bonosindeposito.gratis\/\",\"name\":\"Bonos sin Deposito de Apuestas\",\"description\":\"\",\"publisher\":{\"@id\":\"https:\/\/bonosindeposito.gratis\/#organization\"},\"potentialAction\":[{\"@type\":\"SearchAction\",\"target\":{\"@type\":\"EntryPoint\",\"urlTemplate\":\"https:\/\/bonosindeposito.gratis\/?s={search_term_string}\"},\"query-input\":{\"@type\":\"PropertyValueSpecification\",\"valueRequired\":true,\"valueName\":\"search_term_string\"}}],\"inLanguage\":\"es-PE\"},{\"@type\":\"Organization\",\"@id\":\"https:\/\/bonosindeposito.gratis\/#organization\",\"name\":\"Bonos sin Deposito de Apuestas\",\"url\":\"https:\/\/bonosindeposito.gratis\/\",\"logo\":{\"@type\":\"ImageObject\",\"inLanguage\":\"es-PE\",\"@id\":\"https:\/\/bonosindeposito.gratis\/#\/schema\/logo\/image\/\",\"url\":\"https:\/\/bonosindeposito.gratis\/wp-content\/uploads\/2018\/06\/logo-bonosindeposito.jpg\",\"contentUrl\":\"https:\/\/bonosindeposito.gratis\/wp-content\/uploads\/2018\/06\/logo-bonosindeposito.jpg\",\"width\":350,\"height\":70,\"caption\":\"Bonos sin Deposito de Apuestas\"},\"image\":{\"@id\":\"https:\/\/bonosindeposito.gratis\/#\/schema\/logo\/image\/\"}}]}<\/script>\n<!-- \/ Yoast SEO Premium plugin. -->","yoast_head_json":{"title":"Dafabet | Todos los bonos actualizados Octubre 2021 - Bonos sin Deposito de Apuestas","robots":{"index":"index","follow":"follow","max-snippet":"max-snippet:-1","max-image-preview":"max-image-preview:large","max-video-preview":"max-video-preview:-1"},"canonical":"https:\/\/bonosindeposito.gratis\/pe\/dafabet\/","og_locale":"es_ES","og_type":"article","og_title":"Dafabet | Todos los bonos actualizados Octubre 2021 - Bonos sin Deposito de Apuestas","og_description":"Todo lo que tienes que saber sobre Dafabet Per\u00fa LOS MEJORES M\u00c9TODOS DE PAGO Todos los bonos disponibles dentro de Dafabet BONO DE BIENVENIDA PARA APUESTAS DEPORTIVAS BONO DE BIENVENIDA PARA CASINO CAMINO A QATAR 2022 \u00bfTe gust\u00f3 Dafabet? Punt\u00faa: Preguntas frecuentes sobre Dafabet M\u00e9xico","og_url":"https:\/\/bonosindeposito.gratis\/pe\/dafabet\/","og_site_name":"Bonos sin Deposito de Apuestas","article_modified_time":"2023-12-04T17:50:35+00:00","og_image":[{"width":1024,"height":576,"url":"https:\/\/bonosindeposito.gratis\/wp-content\/uploads\/2021\/10\/dafabet.jpg","type":"image\/jpeg"}],"twitter_card":"summary_large_image","twitter_misc":{"Est. reading time":"8 minutos"},"schema":{"@context":"https:\/\/schema.org","@graph":[{"@type":"WebPage","@id":"https:\/\/bonosindeposito.gratis\/pe\/dafabet\/","url":"https:\/\/bonosindeposito.gratis\/pe\/dafabet\/","name":"Dafabet | Todos los bonos actualizados Octubre 2021 - Bonos sin Deposito de Apuestas","isPartOf":{"@id":"https:\/\/bonosindeposito.gratis\/#website"},"primaryImageOfPage":{"@id":"https:\/\/bonosindeposito.gratis\/pe\/dafabet\/#primaryimage"},"image":{"@id":"https:\/\/bonosindeposito.gratis\/pe\/dafabet\/#primaryimage"},"thumbnailUrl":"https:\/\/bonosindeposito.gratis\/wp-content\/uploads\/2021\/10\/dafabet.jpg","datePublished":"2021-10-15T02:18:38+00:00","dateModified":"2023-12-04T17:50:35+00:00","breadcrumb":{"@id":"https:\/\/bonosindeposito.gratis\/pe\/dafabet\/#breadcrumb"},"inLanguage":"es-PE","potentialAction":[{"@type":"ReadAction","target":["https:\/\/bonosindeposito.gratis\/pe\/dafabet\/"]}]},{"@type":"ImageObject","inLanguage":"es-PE","@id":"https:\/\/bonosindeposito.gratis\/pe\/dafabet\/#primaryimage","url":"https:\/\/bonosindeposito.gratis\/wp-content\/uploads\/2021\/10\/dafabet.jpg","contentUrl":"https:\/\/bonosindeposito.gratis\/wp-content\/uploads\/2021\/10\/dafabet.jpg"},{"@type":"BreadcrumbList","@id":"https:\/\/bonosindeposito.gratis\/pe\/dafabet\/#breadcrumb","itemListElement":[{"@type":"ListItem","position":1,"name":"Portada","item":"https:\/\/bonosindeposito.gratis\/"},{"@type":"ListItem","position":2,"name":"Dafabet | Todos los bonos actualizados Octubre 2021"}]},{"@type":"WebSite","@id":"https:\/\/bonosindeposito.gratis\/#website","url":"https:\/\/bonosindeposito.gratis\/","name":"Bonos sin Deposito de Apuestas","description":"","publisher":{"@id":"https:\/\/bonosindeposito.gratis\/#organization"},"potentialAction":[{"@type":"SearchAction","target":{"@type":"EntryPoint","urlTemplate":"https:\/\/bonosindeposito.gratis\/?s={search_term_string}"},"query-input":{"@type":"PropertyValueSpecification","valueRequired":true,"valueName":"search_term_string"}}],"inLanguage":"es-PE"},{"@type":"Organization","@id":"https:\/\/bonosindeposito.gratis\/#organization","name":"Bonos sin Deposito de Apuestas","url":"https:\/\/bonosindeposito.gratis\/","logo":{"@type":"ImageObject","inLanguage":"es-PE","@id":"https:\/\/bonosindeposito.gratis\/#\/schema\/logo\/image\/","url":"https:\/\/bonosindeposito.gratis\/wp-content\/uploads\/2018\/06\/logo-bonosindeposito.jpg","contentUrl":"https:\/\/bonosindeposito.gratis\/wp-content\/uploads\/2018\/06\/logo-bonosindeposito.jpg","width":350,"height":70,"caption":"Bonos sin Deposito de Apuestas"},"image":{"@id":"https:\/\/bonosindeposito.gratis\/#\/schema\/logo\/image\/"}}]}},"uagb_featured_image_src":{"full":false,"thumbnail":false,"medium":false,"medium_large":false,"large":false,"1536x1536":false,"2048x2048":false},"uagb_author_info":{"display_name":"admin","author_link":"https:\/\/bonosindeposito.gratis\/pe\/author\/admin\/"},"uagb_comment_info":0,"uagb_excerpt":"Todo lo que tienes que saber sobre Dafabet Per\u00fa LOS MEJORES M\u00c9TODOS DE PAGO Todos los bonos disponibles dentro de Dafabet BONO DE BIENVENIDA PARA APUESTAS DEPORTIVAS BONO DE BIENVENIDA PARA CASINO CAMINO A QATAR 2022 \u00bfTe gust\u00f3 Dafabet? Punt\u00faa: Preguntas frecuentes sobre Dafabet M\u00e9xico","_links":{"self":[{"href":"https:\/\/bonosindeposito.gratis\/pe\/wp-json\/wp\/v2\/pages\/22531","targetHints":{"allow":["GET"]}}],"collection":[{"href":"https:\/\/bonosindeposito.gratis\/pe\/wp-json\/wp\/v2\/pages"}],"about":[{"href":"https:\/\/bonosindeposito.gratis\/pe\/wp-json\/wp\/v2\/types\/page"}],"author":[{"embeddable":true,"href":"https:\/\/bonosindeposito.gratis\/pe\/wp-json\/wp\/v2\/users\/1"}],"replies":[{"embeddable":true,"href":"https:\/\/bonosindeposito.gratis\/pe\/wp-json\/wp\/v2\/comments?post=22531"}],"version-history":[{"count":2,"href":"https:\/\/bonosindeposito.gratis\/pe\/wp-json\/wp\/v2\/pages\/22531\/revisions"}],"predecessor-version":[{"id":50817,"href":"https:\/\/bonosindeposito.gratis\/pe\/wp-json\/wp\/v2\/pages\/22531\/revisions\/50817"}],"wp:attachment":[{"href":"https:\/\/bonosindeposito.gratis\/pe\/wp-json\/wp\/v2\/media?parent=22531"}],"curies":[{"name":"wp","href":"https:\/\/api.w.org\/{rel}","templated":true}]}}