{"id":22788,"date":"2022-09-12T22:19:42","date_gmt":"2022-09-12T20:19:42","guid":{"rendered":"https:\/\/bonosindeposito.gratis\/?page_id=22788"},"modified":"2026-04-09T00:35:21","modified_gmt":"2026-04-08T22:35:21","slug":"stake","status":"publish","type":"page","link":"https:\/\/bonosindeposito.gratis\/pe\/stake\/","title":{"rendered":"Stake | Todos los Bonos de Stake para Per\u00fa"},"content":{"rendered":"\n<p>Recibe a Stake con los brazos bien abiertos, porque hoy te contaremos todo sobre los mejores bonos y promociones que esta casa tiene para ti! Es una locura, y te vamos a estar contando todo lo que tienes que saber sobre este sitio, que adem\u00e1s, es un criptocasino. No te vayas a perder la oportunidad de jugar en uno de los mejores sitios del momento disponibles para los usuarios peruanos. <strong>As\u00ed que sin m\u00e1s, comencemos con la rese\u00f1a y acomp\u00e1\u00f1anos en este recorrido: <a href=\"https:\/\/recor.to\/stakepe\" rel=\"nofollow noopener sponsored\">Ingresa en Stake! <\/a><\/strong><\/p>\n\n\n\n<figure class=\"wp-block-image size-full\"><a href=\"https:\/\/recor.to\/stakepe\" rel=\"nofollow noopener sponsored\"><img fetchpriority=\"high\" decoding=\"async\" width=\"825\" height=\"400\" src=\"https:\/\/bonosindeposito.gratis\/wp-content\/uploads\/2022\/09\/stake.webp\" alt=\"stake\" class=\"wp-image-22791\" srcset=\"https:\/\/bonosindeposito.gratis\/wp-content\/uploads\/2022\/09\/stake.webp 825w, https:\/\/bonosindeposito.gratis\/wp-content\/uploads\/2022\/09\/stake-300x145.webp 300w, https:\/\/bonosindeposito.gratis\/wp-content\/uploads\/2022\/09\/stake-768x372.webp 768w\" sizes=\"(max-width: 825px) 100vw, 825px\" \/><\/a><\/figure>\n\n\n\n<h2 class=\"wp-block-heading\"><strong>Conoce todo sobre el critpocasino Stake en Per\u00fa <\/strong><\/h2>\n\n\n\n<p>Hoy, desde el sitio de <a href=\"https:\/\/bonosindeposito.gratis\/pe\/\">bonosindeposito.pe<\/a> estaremos haciendo una revisi\u00f3n sobre uno de tantos casinos disponibles dentro del territorio peruano. Y es que creemos que realmente vale mucho la pena conocerlo: estamos hablando de Stake, el criptocasino que est\u00e1 de f\u00e1bula. <strong>Hablaremos luego de los mejores bonos y todas las ofertas o promociones disponibles en esta plataforma. Pero antes de pasar a eso, \u00bfpor qu\u00e9 creemos que es recomendable jugar en este sitio?<\/strong><\/p>\n\n\n\n<p>Nosotros creemos que hay varias cualidades que hacen que este sitio destaque entre tantos otros similares y con los mismos servicios o funcionalidades. En este momento, estamos viviendo un per\u00edodo en el que las apuestas y el juego virtual han alcanzado su mayor auge, por sobre las casas de apuestas tradicionales. <strong>Y este es su primer punto a favor: que puedes ingresar desde la comodidad de tu propia casa, o desde dondequiera que est\u00e9s con solo un dispositivo m\u00f3vil y una conexi\u00f3n a internet. <\/strong><\/p>\n\n\n\n<p>Aqu\u00ed se juntan algunas de las mejores caracter\u00edsticas que podr\u00edamos esperar: velocidad, relajaci\u00f3n, comodidad y diversi\u00f3n. Todo esto en un sitio donde destaca el desarrollo web y su dise\u00f1o completamente intuitivo y f\u00e1cil de navegar. Adem\u00e1s, es un sitio visualmente muy atractivo, que nos har\u00e1 sentir m\u00e1s a gusto que nunca. <strong>Pero lo mejor que tiene el sitio, y es lo que desarrollaremos m\u00e1s adelante, son las promociones. Si quieres conocer los Bonos m\u00e1s impresionantes de Stake, <a href=\"https:\/\/recor.to\/stakepe\" rel=\"nofollow noopener sponsored\">ingresa ahora! <\/a><\/strong><\/p>\n\n\n\n<h3 class=\"wp-block-heading\"><strong>Ventajas de jugar en Stake <\/strong><\/h3>\n\n\n\n<p>Como mencionamos, hay algunas cualidades y caracter\u00edsticas destacables a la hora de comenzar a jugar en Stake. Estamos hablando de un sitio de larga trayectoria, y es por eso mismo que esta plataforma se encuentra en la cima: no lo ha logrado de un d\u00eda para el otro.<strong> A\u00f1os de esfuerzo y dedicaci\u00f3n a ofrecer los mejores servicios y funcionalidades posibles, con un sitio que se renueva y adapta a todas las novedades.<\/strong> La primera cualidad que nos ha gustado, es su optimizaci\u00f3n constante. <\/p>\n\n\n\n<p>Incluso es uno de los pocos sitios en lanzar una aplicaci\u00f3n m\u00f3vil para seguir jugando! Porque ya no es solo el hecho de poder jugar desde la comodidad de tu hogar, en tu PC de ordenador. Sino que ahora puedes llevar el casino contigo a donde vayas, como un casino de bolsillo! <strong>Puedes descargar la App oficial en tus dispositivos m\u00f3viles como smartphones o tablets, y tan solo necesitar\u00e1s de una conexi\u00f3n de internet estable. Podr\u00e1s apostar y jugar dondequiera que vayas, incluso desde la cancha.<\/strong> Adem\u00e1s, notificaciones con todas las ofertas. <\/p>\n\n\n\n<p>Y una de las mejores caracter\u00edsticas del sitio, sabemos que le va a encantar a la mayor\u00eda de los usuarios del mundo digital: las criptomonedas. S\u00ed, como dijimos antes, Stake es un criptocasino! Y esto quiere decir que aqu\u00ed podr\u00e1s jugar y apostar utilizando tus divisas virtuales, casi cualquiera que tengas. <strong>Tambi\u00e9n tienes la opci\u00f3n de utilizar monedas tradicionales o tu moneda local, pero la gran novedad que no para de expandirse son las criptodivisas. Y no cualquiera tiene este servicio! <\/strong><\/p>\n\n\n\n<h2 class=\"wp-block-heading\"><strong>\u00a1Reg\u00edstrate ahora!<\/strong><\/h2>\n\n\n\n<p>Bueno, por si no lo sab\u00edas hasta ahora, para poder acceder a cualquier servicio disponible en Stake, vas a tener que registrarte. Este requisito es \u00fanico con tu primera vez en la p\u00e1gina, luego utilizar\u00e1s la misma cuenta siempre que quieras ingresar, y all\u00ed se guardar\u00e1 tu saldo y tu progreso. <strong>Adem\u00e1s, el registro es completamente gratuito, por lo que siempre podr\u00e1s dar marcha atr\u00e1s si te arrepientes, sin poner en juego tu dinero. <\/strong>Pero sobre todas las cosas: registr\u00e1ndote en el sitio, vas a recibir exclusivos bonos de bienvenida y el acceso al resto de las promociones!<\/p>\n\n\n\n<p>El proceso de registro es muy sencillo y simplemente consiste en ocupar un par de minutos de tu tiempo. Mucho menos si est\u00e1s familiarizado con el uso de plataformas similares, pues el registro es muy intuitivo. <strong>Una vez que te hayas registrado, vas a poder hacer tu primer dep\u00f3sito con cualquiera de los m\u00e9todos de pago disponibles<\/strong>, y comenzar a jugar para obtener las mejores promociones, as\u00ed que aqu\u00ed vamos. <\/p>\n\n\n\n<p>Para registrarte, simplemente tendr\u00e1s que ingresar al sitio oficial de Stake con cualquier dispositivo que se encuentre a tu alcance. <strong>All\u00ed, vas a tener que hacer clic en el bot\u00f3n que diga \u00abRegistrarse\u00bb, o puedes ingresar con nuestro <a href=\"https:\/\/recor.to\/stakepe\" rel=\"nofollow noopener sponsored\">link promocional <\/a>y ser redirigido directamente al formulario de registro. <\/strong>De una u otra forma, completa los datos solicitados por el sitio para abrir tu cuenta, y recuerda que siempre ser\u00e1n resguardadas. Aguarda a la confirmaci\u00f3n por correo, y ya tendr\u00e1s tu usuario listo para iniciar sesi\u00f3n cuando tu quieras!<\/p>\n\n\n\n<figure class=\"wp-block-image size-full\"><a href=\"https:\/\/recor.to\/stakepe\" rel=\"nofollow noopener sponsored\"><img decoding=\"async\" width=\"790\" height=\"318\" src=\"https:\/\/bonosindeposito.gratis\/wp-content\/uploads\/2022\/09\/stake-peru.jpg\" alt=\"stake peru\" class=\"wp-image-22800\" srcset=\"https:\/\/bonosindeposito.gratis\/wp-content\/uploads\/2022\/09\/stake-peru.jpg 790w, https:\/\/bonosindeposito.gratis\/wp-content\/uploads\/2022\/09\/stake-peru-300x121.jpg 300w, https:\/\/bonosindeposito.gratis\/wp-content\/uploads\/2022\/09\/stake-peru-768x309.jpg 768w\" sizes=\"(max-width: 790px) 100vw, 790px\" \/><\/a><\/figure>\n\n\n\n<h2 class=\"wp-block-heading\"><strong>Todos los Bonos y Promociones de Stake <\/strong><\/h2>\n\n\n\n<p>\u00a1Ahora s\u00ed, vayamos a eso que de seguro estabas esperando! Hablaremos de las principales ofertas actualmente activas en el sitio. En Stake, la experiencia comienza con su <strong>nuevo Bono de Bienvenida para Per\u00fa<\/strong>, una oferta flexible que te permite elegir tu recompensa seg\u00fan tu primer dep\u00f3sito (desde S\/30). Puedes obtener desde el <strong>100% extra en apuestas gratis<\/strong> hasta paquetes combinados de <strong>S\/50 en freebets y 50 giros gratis<\/strong> para casino. \u00a1Es la forma ideal de empezar con saldo extra!<\/p>\n\n\n\n<p>Adem\u00e1s de este gran beneficio de entrada, Stake destaca por sus promociones de vigencia temporal y ofertas especiales que se renuevan con cada evento deportivo. Veamos lo que te espera:<\/p>\n\n\n\n<h3 class=\"wp-block-heading\"><strong>Ofertas del Casino <\/strong><\/h3>\n\n\n\n<p>Las ofertas m\u00e1s impresionantes del Casino en Stake, son los torneos y ofertas semanales. Que las hay en cantidad! Algunos ejemplos actualmente disponibles en el sitio son, por ejemplo, la <strong>Carrera Multiplicadora<\/strong>, o Multiplier Race: <strong>con esta promoci\u00f3n, jugando un m\u00ednimo de dinero en los juegos seleccionados de la semana, puedes obtener hasta 2.000 USD en multiplicador.<\/strong> Es una locura! Por otro lado, tambi\u00e9n tenemos los <strong>Sorteos Semanales, que actualmente cotizan hasta los 50.000 USD en premios,<\/strong> y consigues un ticket cada 1.000 que apuestes en el casino. <\/p>\n\n\n\n<p>Adem\u00e1s, vas a tener opciones mucho m\u00e1s divertidas como <strong>Conquista al Casino<\/strong>, o Conquer the Casino por su nombre original. Se trata de una serie de desaf\u00edos a cumplir en los juegos seleccionados semana a semana por el sitio, <strong>y los premios se reparten hasta 50.000 USD<\/strong>. De manera similar tendremos la promoci\u00f3n<strong>Cassino Challenges, la oferta The Level Up, carreras diarias, torneos de Slots y m\u00e1s. <\/strong><a href=\"https:\/\/recor.to\/stakepe\" rel=\"nofollow noopener sponsored\">\u00danete a jugar! <\/a><\/p>\n\n\n\n<h3 class=\"wp-block-heading\"><strong>Ofertas deportivas <\/strong><\/h3>\n\n\n\n<p>En cuanto a la secci\u00f3n de apuestas deportivas, tambi\u00e9n destacara la oferta de <strong>Sorteo Semanal de Stake, por pozos de hasta $50.000 para los ganadores. <\/strong>As\u00ed tambi\u00e9n, tendr\u00e1s las <strong>Carreras Diarias <\/strong>o Daily Races,<strong> por premios repartidos de hasta $100.000<\/strong> para los primeros ganadores del d\u00eda. Pero en esta secci\u00f3n es donde tendremos la mayor renovaci\u00f3n y el constante cambio entre las promociones y ofertas disponibles. Y es que, b\u00e1sicamente, <strong>Stake saca ofertas nuevas para todos los eventos deportivos importantes del momento. <\/strong><\/p>\n\n\n\n<p>As\u00ed, tendr\u00e1s promociones para las competencias m\u00e1s grandes como son los<strong>Bonos, Seguros, Garant\u00edas, incluso bonos por apostar En Directo.<\/strong> En el mejor de los casos, incluso podr\u00edas llegar a encontrar bonos que dupliquen tus ganancias si aciertas la apuesta correspondiente. As\u00ed vas a poder seguir jugando y apoyando a tus equipos y figuras favoritos por el mundo, o bien simplemente ganar dinero por tus conocimientos deportivos! <strong>Eventos como el Mundial FIFA, las Copas CONMEBOL, la NBA, la NFL, la Major de B\u00e9isbol y mucho m\u00e1s. <\/strong><a href=\"https:\/\/recor.to\/stakepe\" rel=\"nofollow noopener sponsored\">Ap\u00fantate ahora! <\/a><\/p>\n\n\n\n<figure class=\"wp-block-image size-large\"><a href=\"https:\/\/recor.to\/stakepe\" rel=\"nofollow noopener sponsored\"><img decoding=\"async\" width=\"1024\" height=\"341\" src=\"https:\/\/bonosindeposito.gratis\/wp-content\/uploads\/2022\/09\/stake-bonos-1024x341.png\" alt=\"stake bonos\" class=\"wp-image-22809\" srcset=\"https:\/\/bonosindeposito.gratis\/wp-content\/uploads\/2022\/09\/stake-bonos-1024x341.png 1024w, https:\/\/bonosindeposito.gratis\/wp-content\/uploads\/2022\/09\/stake-bonos-300x100.png 300w, https:\/\/bonosindeposito.gratis\/wp-content\/uploads\/2022\/09\/stake-bonos-768x256.png 768w, https:\/\/bonosindeposito.gratis\/wp-content\/uploads\/2022\/09\/stake-bonos.png 1500w\" sizes=\"(max-width: 1024px) 100vw, 1024px\" \/><\/a><\/figure>\n\n\n<span id=\"post-ratings-22788\" class=\"post-ratings\" data-nonce=\"3360031602\"><img decoding=\"async\" id=\"rating_22788_1\" src=\"https:\/\/bonosindeposito.gratis\/wp-content\/plugins\/wp-postratings\/images\/stars\/rating_on.gif\" alt=\"1 estrella\" title=\"1 estrella\" onmouseover=\"current_rating(22788, 1, '1 estrella');\" onmouseout=\"ratings_off(5, 0, 0);\" onclick=\"rate_post();\" onkeypress=\"rate_post();\" style=\"cursor: pointer; border: 0px;\" \/><img decoding=\"async\" id=\"rating_22788_2\" src=\"https:\/\/bonosindeposito.gratis\/wp-content\/plugins\/wp-postratings\/images\/stars\/rating_on.gif\" alt=\"2 estrellas\" title=\"2 estrellas\" onmouseover=\"current_rating(22788, 2, '2 estrellas');\" onmouseout=\"ratings_off(5, 0, 0);\" onclick=\"rate_post();\" onkeypress=\"rate_post();\" style=\"cursor: pointer; border: 0px;\" \/><img decoding=\"async\" id=\"rating_22788_3\" src=\"https:\/\/bonosindeposito.gratis\/wp-content\/plugins\/wp-postratings\/images\/stars\/rating_on.gif\" alt=\"3 estrellas\" title=\"3 estrellas\" onmouseover=\"current_rating(22788, 3, '3 estrellas');\" onmouseout=\"ratings_off(5, 0, 0);\" onclick=\"rate_post();\" onkeypress=\"rate_post();\" style=\"cursor: pointer; border: 0px;\" \/><img decoding=\"async\" id=\"rating_22788_4\" src=\"https:\/\/bonosindeposito.gratis\/wp-content\/plugins\/wp-postratings\/images\/stars\/rating_on.gif\" alt=\"4 estrellas\" title=\"4 estrellas\" onmouseover=\"current_rating(22788, 4, '4 estrellas');\" onmouseout=\"ratings_off(5, 0, 0);\" onclick=\"rate_post();\" onkeypress=\"rate_post();\" style=\"cursor: pointer; border: 0px;\" \/><img decoding=\"async\" id=\"rating_22788_5\" src=\"https:\/\/bonosindeposito.gratis\/wp-content\/plugins\/wp-postratings\/images\/stars\/rating_on.gif\" alt=\"5 estrellas\" title=\"5 estrellas\" onmouseover=\"current_rating(22788, 5, '5 estrellas');\" onmouseout=\"ratings_off(5, 0, 0);\" onclick=\"rate_post();\" onkeypress=\"rate_post();\" style=\"cursor: pointer; border: 0px;\" \/> (<strong>1<\/strong> votos, promedio: <strong>5,00<\/strong> de 5)<br \/><span class=\"post-ratings-text\" id=\"ratings_22788_text\"><\/span><\/span><span id=\"post-ratings-22788-loading\" class=\"post-ratings-loading\"><img loading=\"lazy\" decoding=\"async\" src=\"https:\/\/bonosindeposito.gratis\/wp-content\/plugins\/wp-postratings\/images\/loading.gif\" width=\"16\" height=\"16\" class=\"post-ratings-image\" \/>Loading...<\/span>\n\n\n\n<h2 class=\"wp-block-heading\">Preguntas frecuentes sobre Stake Per\u00fa<\/h2>\n\n\n\n<h3 class=\"wp-block-heading\">\u00bfQu\u00e9 es Stake Per\u00fa?<\/h3>\n\n\n\n<p>Stake es una sala de juegos de casino y de apuestas deportivas virtuales, lo que quiere decir que puedes jugar desde la comodidad de tu casa con un ordenador.<\/p>\n\n\n\n<h3 class=\"wp-block-heading\">\u00bfEs seguro jugar en Stake?<\/h3>\n\n\n\n<p>S\u00ed, es un sitio registrado legalmente, que adem\u00e1s ofrece servicios para una gran cantidad de pa\u00edses para los que tiene la habilitaci\u00f3n correspondiente.<\/p>\n\n\n\n<h3 class=\"wp-block-heading\">\u00bfQu\u00e9 necesito para jugar en Stake?<\/h3>\n\n\n\n<p>Lo \u00fanico que necesitas es una cuenta de usuario en el sitio para depositar tu saldo. Para tener una cuenta, solo requieres de un correo electr\u00f3nico de contacto, y ser mayor de 18 a\u00f1os de edad.<\/p>\n\n\n\n<h3 class=\"wp-block-heading\">\u00bfC\u00f3mo me registro en Stake?<\/h3>\n\n\n\n<p>El proceso es muy r\u00e1pido, sencillo y completamente gratuito. Simplemente tienes que ingresar en el sitio oficial de STake y darle clic al bot\u00f3n de Registro en la esquina superior derecha.<\/p>\n\n\n\n<h3 class=\"wp-block-heading\">\u00bfPuedo jugar en Stake desde un m\u00f3vil?<\/h3>\n\n\n\n<p>S\u00ed, claro que puedes hacerlo! Puedes descargar la aplicaci\u00f3n nativa oficial de Stake en tu celular o cualquier dispositivo m\u00f3vil, y jugar dondequiera que est\u00e9s.<\/p>\n\n\n\n<h3 class=\"wp-block-heading\">\u00bfQu\u00e9 hago si tengo alg\u00fan problema en Stake?<\/h3>\n\n\n\n<p>Puedes comunicarte con el personal capacitado, con el \u00edcono del chat en vivo en la esquina inferior derecha, o en el apartado de Soporte.<\/p>\n\n\n\n<h3 class=\"wp-block-heading\">\u00bfPor qu\u00e9 aconsejan jugar en Stake?<\/h3>\n\n\n\n<p>Porque es un sitio muy divertido y repleto de ofertas y promociones especiales, pero adem\u00e1s, puedes utilizar criptomonedas como m\u00e9todo de pago.<\/p>\n","protected":false},"excerpt":{"rendered":"<p>Recibe a Stake con los brazos bien abiertos, porque hoy te contaremos todo sobre los mejores bonos y promociones que esta casa tiene para ti! Es una locura, y te vamos a estar contando todo lo que tienes que saber sobre este sitio, que adem\u00e1s, es un criptocasino. No te vayas a perder la oportunidad &#8230; <a title=\"Stake | Todos los Bonos de Stake para Per\u00fa\" class=\"read-more\" href=\"https:\/\/bonosindeposito.gratis\/pe\/stake\/\" aria-label=\"Read more about Stake | Todos los Bonos de Stake para Per\u00fa\">Read more<\/a><\/p>\n","protected":false},"author":44,"featured_media":0,"parent":0,"menu_order":0,"comment_status":"closed","ping_status":"closed","template":"","meta":{"_uag_custom_page_level_css":"","generate_page_header":"","footnotes":""},"class_list":["post-22788","page","type-page","status-publish"],"yoast_head":"<!-- This site is optimized with the Yoast SEO Premium plugin v27.1 (Yoast SEO v26.6) - https:\/\/yoast.com\/wordpress\/plugins\/seo\/ -->\n<title>Stake | Todos los Bonos de Stake para Per\u00fa - Bonos sin Deposito de Apuestas<\/title>\n<meta name=\"robots\" content=\"index, follow, max-snippet:-1, max-image-preview:large, max-video-preview:-1\" \/>\n<link rel=\"canonical\" href=\"https:\/\/bonosindeposito.gratis\/pe\/stake\/\" \/>\n<meta property=\"og:locale\" content=\"es_ES\" \/>\n<meta property=\"og:type\" content=\"article\" \/>\n<meta property=\"og:title\" content=\"Stake | Todos los Bonos de Stake para Per\u00fa - Bonos sin Deposito de Apuestas\" \/>\n<meta property=\"og:description\" content=\"Recibe a Stake con los brazos bien abiertos, porque hoy te contaremos todo sobre los mejores bonos y promociones que esta casa tiene para ti! Es una locura, y te vamos a estar contando todo lo que tienes que saber sobre este sitio, que adem\u00e1s, es un criptocasino. No te vayas a perder la oportunidad ... Read more\" \/>\n<meta property=\"og:url\" content=\"https:\/\/bonosindeposito.gratis\/pe\/stake\/\" \/>\n<meta property=\"og:site_name\" content=\"Bonos sin Deposito de Apuestas\" \/>\n<meta property=\"article:modified_time\" content=\"2026-04-08T22:35:21+00:00\" \/>\n<meta property=\"og:image\" content=\"https:\/\/bonosindeposito.gratis\/wp-content\/uploads\/2022\/09\/stake.webp\" \/>\n\t<meta property=\"og:image:width\" content=\"825\" \/>\n\t<meta property=\"og:image:height\" content=\"400\" \/>\n\t<meta property=\"og:image:type\" content=\"image\/webp\" \/>\n<meta name=\"twitter:card\" content=\"summary_large_image\" \/>\n<meta name=\"twitter:label1\" content=\"Est. reading time\" \/>\n\t<meta name=\"twitter:data1\" content=\"8 minutos\" \/>\n<script type=\"application\/ld+json\" class=\"yoast-schema-graph\">{\"@context\":\"https:\/\/schema.org\",\"@graph\":[{\"@type\":\"WebPage\",\"@id\":\"https:\/\/bonosindeposito.gratis\/pe\/stake\/\",\"url\":\"https:\/\/bonosindeposito.gratis\/pe\/stake\/\",\"name\":\"Stake | Todos los Bonos de Stake para Per\u00fa - Bonos sin Deposito de Apuestas\",\"isPartOf\":{\"@id\":\"https:\/\/bonosindeposito.gratis\/#website\"},\"primaryImageOfPage\":{\"@id\":\"https:\/\/bonosindeposito.gratis\/pe\/stake\/#primaryimage\"},\"image\":{\"@id\":\"https:\/\/bonosindeposito.gratis\/pe\/stake\/#primaryimage\"},\"thumbnailUrl\":\"https:\/\/bonosindeposito.gratis\/wp-content\/uploads\/2022\/09\/stake.webp\",\"datePublished\":\"2022-09-12T20:19:42+00:00\",\"dateModified\":\"2026-04-08T22:35:21+00:00\",\"breadcrumb\":{\"@id\":\"https:\/\/bonosindeposito.gratis\/pe\/stake\/#breadcrumb\"},\"inLanguage\":\"es-PE\",\"potentialAction\":[{\"@type\":\"ReadAction\",\"target\":[\"https:\/\/bonosindeposito.gratis\/pe\/stake\/\"]}]},{\"@type\":\"ImageObject\",\"inLanguage\":\"es-PE\",\"@id\":\"https:\/\/bonosindeposito.gratis\/pe\/stake\/#primaryimage\",\"url\":\"https:\/\/bonosindeposito.gratis\/wp-content\/uploads\/2022\/09\/stake.webp\",\"contentUrl\":\"https:\/\/bonosindeposito.gratis\/wp-content\/uploads\/2022\/09\/stake.webp\"},{\"@type\":\"BreadcrumbList\",\"@id\":\"https:\/\/bonosindeposito.gratis\/pe\/stake\/#breadcrumb\",\"itemListElement\":[{\"@type\":\"ListItem\",\"position\":1,\"name\":\"Portada\",\"item\":\"https:\/\/bonosindeposito.gratis\/\"},{\"@type\":\"ListItem\",\"position\":2,\"name\":\"Stake | Todos los Bonos de Stake para Per\u00fa\"}]},{\"@type\":\"WebSite\",\"@id\":\"https:\/\/bonosindeposito.gratis\/#website\",\"url\":\"https:\/\/bonosindeposito.gratis\/\",\"name\":\"Bonos sin Deposito de Apuestas\",\"description\":\"\",\"publisher\":{\"@id\":\"https:\/\/bonosindeposito.gratis\/#organization\"},\"potentialAction\":[{\"@type\":\"SearchAction\",\"target\":{\"@type\":\"EntryPoint\",\"urlTemplate\":\"https:\/\/bonosindeposito.gratis\/?s={search_term_string}\"},\"query-input\":{\"@type\":\"PropertyValueSpecification\",\"valueRequired\":true,\"valueName\":\"search_term_string\"}}],\"inLanguage\":\"es-PE\"},{\"@type\":\"Organization\",\"@id\":\"https:\/\/bonosindeposito.gratis\/#organization\",\"name\":\"Bonos sin Deposito de Apuestas\",\"url\":\"https:\/\/bonosindeposito.gratis\/\",\"logo\":{\"@type\":\"ImageObject\",\"inLanguage\":\"es-PE\",\"@id\":\"https:\/\/bonosindeposito.gratis\/#\/schema\/logo\/image\/\",\"url\":\"https:\/\/bonosindeposito.gratis\/wp-content\/uploads\/2018\/06\/logo-bonosindeposito.jpg\",\"contentUrl\":\"https:\/\/bonosindeposito.gratis\/wp-content\/uploads\/2018\/06\/logo-bonosindeposito.jpg\",\"width\":350,\"height\":70,\"caption\":\"Bonos sin Deposito de Apuestas\"},\"image\":{\"@id\":\"https:\/\/bonosindeposito.gratis\/#\/schema\/logo\/image\/\"}}]}<\/script>\n<!-- \/ Yoast SEO Premium plugin. -->","yoast_head_json":{"title":"Stake | Todos los Bonos de Stake para Per\u00fa - Bonos sin Deposito de Apuestas","robots":{"index":"index","follow":"follow","max-snippet":"max-snippet:-1","max-image-preview":"max-image-preview:large","max-video-preview":"max-video-preview:-1"},"canonical":"https:\/\/bonosindeposito.gratis\/pe\/stake\/","og_locale":"es_ES","og_type":"article","og_title":"Stake | Todos los Bonos de Stake para Per\u00fa - Bonos sin Deposito de Apuestas","og_description":"Recibe a Stake con los brazos bien abiertos, porque hoy te contaremos todo sobre los mejores bonos y promociones que esta casa tiene para ti! Es una locura, y te vamos a estar contando todo lo que tienes que saber sobre este sitio, que adem\u00e1s, es un criptocasino. No te vayas a perder la oportunidad ... Read more","og_url":"https:\/\/bonosindeposito.gratis\/pe\/stake\/","og_site_name":"Bonos sin Deposito de Apuestas","article_modified_time":"2026-04-08T22:35:21+00:00","og_image":[{"width":825,"height":400,"url":"https:\/\/bonosindeposito.gratis\/wp-content\/uploads\/2022\/09\/stake.webp","type":"image\/webp"}],"twitter_card":"summary_large_image","twitter_misc":{"Est. reading time":"8 minutos"},"schema":{"@context":"https:\/\/schema.org","@graph":[{"@type":"WebPage","@id":"https:\/\/bonosindeposito.gratis\/pe\/stake\/","url":"https:\/\/bonosindeposito.gratis\/pe\/stake\/","name":"Stake | Todos los Bonos de Stake para Per\u00fa - Bonos sin Deposito de Apuestas","isPartOf":{"@id":"https:\/\/bonosindeposito.gratis\/#website"},"primaryImageOfPage":{"@id":"https:\/\/bonosindeposito.gratis\/pe\/stake\/#primaryimage"},"image":{"@id":"https:\/\/bonosindeposito.gratis\/pe\/stake\/#primaryimage"},"thumbnailUrl":"https:\/\/bonosindeposito.gratis\/wp-content\/uploads\/2022\/09\/stake.webp","datePublished":"2022-09-12T20:19:42+00:00","dateModified":"2026-04-08T22:35:21+00:00","breadcrumb":{"@id":"https:\/\/bonosindeposito.gratis\/pe\/stake\/#breadcrumb"},"inLanguage":"es-PE","potentialAction":[{"@type":"ReadAction","target":["https:\/\/bonosindeposito.gratis\/pe\/stake\/"]}]},{"@type":"ImageObject","inLanguage":"es-PE","@id":"https:\/\/bonosindeposito.gratis\/pe\/stake\/#primaryimage","url":"https:\/\/bonosindeposito.gratis\/wp-content\/uploads\/2022\/09\/stake.webp","contentUrl":"https:\/\/bonosindeposito.gratis\/wp-content\/uploads\/2022\/09\/stake.webp"},{"@type":"BreadcrumbList","@id":"https:\/\/bonosindeposito.gratis\/pe\/stake\/#breadcrumb","itemListElement":[{"@type":"ListItem","position":1,"name":"Portada","item":"https:\/\/bonosindeposito.gratis\/"},{"@type":"ListItem","position":2,"name":"Stake | Todos los Bonos de Stake para Per\u00fa"}]},{"@type":"WebSite","@id":"https:\/\/bonosindeposito.gratis\/#website","url":"https:\/\/bonosindeposito.gratis\/","name":"Bonos sin Deposito de Apuestas","description":"","publisher":{"@id":"https:\/\/bonosindeposito.gratis\/#organization"},"potentialAction":[{"@type":"SearchAction","target":{"@type":"EntryPoint","urlTemplate":"https:\/\/bonosindeposito.gratis\/?s={search_term_string}"},"query-input":{"@type":"PropertyValueSpecification","valueRequired":true,"valueName":"search_term_string"}}],"inLanguage":"es-PE"},{"@type":"Organization","@id":"https:\/\/bonosindeposito.gratis\/#organization","name":"Bonos sin Deposito de Apuestas","url":"https:\/\/bonosindeposito.gratis\/","logo":{"@type":"ImageObject","inLanguage":"es-PE","@id":"https:\/\/bonosindeposito.gratis\/#\/schema\/logo\/image\/","url":"https:\/\/bonosindeposito.gratis\/wp-content\/uploads\/2018\/06\/logo-bonosindeposito.jpg","contentUrl":"https:\/\/bonosindeposito.gratis\/wp-content\/uploads\/2018\/06\/logo-bonosindeposito.jpg","width":350,"height":70,"caption":"Bonos sin Deposito de Apuestas"},"image":{"@id":"https:\/\/bonosindeposito.gratis\/#\/schema\/logo\/image\/"}}]}},"uagb_featured_image_src":{"full":false,"thumbnail":false,"medium":false,"medium_large":false,"large":false,"1536x1536":false,"2048x2048":false},"uagb_author_info":{"display_name":"Rocio","author_link":"https:\/\/bonosindeposito.gratis\/pe\/author\/rocio\/"},"uagb_comment_info":0,"uagb_excerpt":"Recibe a Stake con los brazos bien abiertos, porque hoy te contaremos todo sobre los mejores bonos y promociones que esta casa tiene para ti! Es una locura, y te vamos a estar contando todo lo que tienes que saber sobre este sitio, que adem\u00e1s, es un criptocasino. No te vayas a perder la oportunidad&hellip;","_links":{"self":[{"href":"https:\/\/bonosindeposito.gratis\/pe\/wp-json\/wp\/v2\/pages\/22788","targetHints":{"allow":["GET"]}}],"collection":[{"href":"https:\/\/bonosindeposito.gratis\/pe\/wp-json\/wp\/v2\/pages"}],"about":[{"href":"https:\/\/bonosindeposito.gratis\/pe\/wp-json\/wp\/v2\/types\/page"}],"author":[{"embeddable":true,"href":"https:\/\/bonosindeposito.gratis\/pe\/wp-json\/wp\/v2\/users\/44"}],"replies":[{"embeddable":true,"href":"https:\/\/bonosindeposito.gratis\/pe\/wp-json\/wp\/v2\/comments?post=22788"}],"version-history":[{"count":1,"href":"https:\/\/bonosindeposito.gratis\/pe\/wp-json\/wp\/v2\/pages\/22788\/revisions"}],"predecessor-version":[{"id":67180,"href":"https:\/\/bonosindeposito.gratis\/pe\/wp-json\/wp\/v2\/pages\/22788\/revisions\/67180"}],"wp:attachment":[{"href":"https:\/\/bonosindeposito.gratis\/pe\/wp-json\/wp\/v2\/media?parent=22788"}],"curies":[{"name":"wp","href":"https:\/\/api.w.org\/{rel}","templated":true}]}}