{"id":49663,"date":"2023-11-25T00:22:01","date_gmt":"2023-11-24T23:22:01","guid":{"rendered":"https:\/\/bonosindeposito.gratis\/?page_id=49663"},"modified":"2023-12-04T20:32:21","modified_gmt":"2023-12-04T19:32:21","slug":"bet247","status":"publish","type":"page","link":"https:\/\/bonosindeposito.gratis\/pt-br\/bet247\/","title":{"rendered":"Bet247 | TODOS os B\u00d4NUS de BOAS-VINDAS no Brasil"},"content":{"rendered":"\n<p>Prepare-se para conhecer em profundidade o cassino Bet247, <a href=\"https:\/\/recor.to\/bet274\" target=\"_blank\" rel=\"noreferrer noopener nofollow sponsored\">um site com oportunidades incr\u00edveis para apostar e ganhar os melhores pr\u00eamios<\/a>. N\u00e3o perca todas as informa\u00e7\u00f5es sobre esse site que tem jogos de todos os estilos <strong>e um b\u00f4nus de boas-vindas para aumentar suas chances de ser um vencedor.<\/strong><\/p>\n\n\n\n<figure class=\"wp-block-image size-full\"><a href=\"https:\/\/recor.to\/bet274\" target=\"_blank\" rel=\"noreferrer noopener nofollow sponsored\"><img fetchpriority=\"high\" decoding=\"async\" width=\"919\" height=\"462\" src=\"https:\/\/bonosindeposito.gratis\/wp-content\/uploads\/2023\/11\/bet-247.png\" alt=\"BET247\" class=\"wp-image-49665\" srcset=\"https:\/\/bonosindeposito.gratis\/wp-content\/uploads\/2023\/11\/bet-247.png 919w, https:\/\/bonosindeposito.gratis\/wp-content\/uploads\/2023\/11\/bet-247-300x151.png 300w, https:\/\/bonosindeposito.gratis\/wp-content\/uploads\/2023\/11\/bet-247-768x386.png 768w\" sizes=\"(max-width: 919px) 100vw, 919px\" \/><\/a><\/figure>\n\n\n\n<h2 class=\"wp-block-heading\"><strong>Saiba mais sobre a Bet247<\/strong><\/h2>\n\n\n\n<p>Voc\u00ea \u00e9 novo no mundo dos jogos de azar, j\u00e1 o conhece e quer conhecer outros sites? Aqui voc\u00ea pode aprender tudo o que precisa saber sobre o Bet247, o cassino on-line mais importante do Brasil. <strong>A primeira coisa que voc\u00ea deve saber s\u00e3o as raz\u00f5es pelas quais esse \u00e9 o lugar certo para jogar e apostar com efici\u00eancia<\/strong>. Nesse site, voc\u00ea encontrar\u00e1 um grande n\u00famero de jogos de alta qualidade para que possa se divertir ao m\u00e1ximo fazendo o que mais gosta.<\/p>\n\n\n\n<p>Antes de <a href=\"https:\/\/recor.to\/bet274\" target=\"_blank\" rel=\"noreferrer noopener nofollow sponsored\">entrar no Bet247<\/a>, deixe-nos contar um pouco sobre o que \u00e9 o Bet247. Em primeiro lugar, voc\u00ea encontrar\u00e1 uma ampla sele\u00e7\u00e3o de produtos de jogos on-line, <strong>incluindo o popular Cassino ao Vivo, para que voc\u00ea se sinta t\u00e3o confort\u00e1vel e \u00e0 vontade como se estivesse jogando entre amigos.<\/strong> \u00c9 claro que, se essa n\u00e3o for a sua prefer\u00eancia, voc\u00ea tamb\u00e9m pode optar pelo cassino comum, onde encontrar\u00e1 uma variedade de jogos e temas.<\/p>\n\n\n\n<p>Outro aspecto a ser observado \u00e9 o recurso totalmente inovador de carteira \u00fanica que o Bet247 oferece h\u00e1 muito tempo, distinguindo-o de todas as outras plataformas. Esse sistema exclusivo permite que voc\u00ea transfira fundos continuamente dentro do site, eliminando a necessidade de transa\u00e7\u00f5es repetidas para alternar entre os jogos. <strong>Tudo isso \u00e9 coberto por medidas de seguran\u00e7a extremas e de \u00faltima gera\u00e7\u00e3o para que voc\u00ea possa jogar com a tranquilidade que merece.<\/strong><\/p>\n\n\n\n<h2 class=\"wp-block-heading\"><strong>Que tipo de entretenimento posso encontrar na Bet247?<\/strong><\/h2>\n\n\n\n<p>Sabemos que voc\u00ea \u00e9 um fan\u00e1tico por jogos de azar, por isso recomendamos que continue lendo sobre todo o conte\u00fado que este site tem a oferecer. No Bet247, h\u00e1 um cassino ao vivo para que voc\u00ea experimente sensa\u00e7\u00f5es semelhantes \u00e0s de casa, jogos virtuais, E-Sports e os cl\u00e1ssicos de sempre, como Jackpot, raspadinhas, jogos de mesa, bingo, p\u00f4quer e os melhores ca\u00e7a-n\u00edqueis.<\/p>\n\n\n\n<p><strong>Se voc\u00ea \u00e9 apaixonado por futebol e esportes em geral, <a href=\"https:\/\/recor.to\/bet274\" target=\"_blank\" rel=\"noreferrer noopener nofollow sponsored\">encontrar\u00e1 as melhores op\u00e7\u00f5es para apostar alto em seus times favoritos<\/a>, n\u00e3o apenas no Brasil, mas em todo o mundo<\/strong>. Na parte superior da se\u00e7\u00e3o &#8220;esportes&#8221;, voc\u00ea pode ver o que est\u00e1 acontecendo ao vivo e depositar seu dinheiro na hora, ou fazer apostas futuras. E n\u00e3o se trata apenas de adivinhar um resultado, voc\u00ea tamb\u00e9m pode se divertir adivinhando os v\u00e1rios incidentes da partida.<\/p>\n\n\n\n<p>As melhores ligas de futebol da Espanha, Inglaterra, It\u00e1lia, Brasil e Fran\u00e7a est\u00e3o esperando por voc\u00ea para escolher seus candidatos. Voc\u00ea pode assistir a todos os resultados ao vivo para n\u00e3o perder nada. Se n\u00e3o quiser ficar ansioso, <a href=\"https:\/\/recor.to\/bet274\" target=\"_blank\" rel=\"noreferrer noopener nofollow sponsored\">voc\u00ea tem a op\u00e7\u00e3o de jogar seus jogos de cassino favoritos<\/a> em paralelo ou assistir aos novos jogos que s\u00e3o renovados a cada semana. <strong>E veja s\u00f3: tanto as apostas esportivas quanto o cassino t\u00eam b\u00f4nus de boas-vindas para dobrar a sua banca.<\/strong><\/p>\n\n\n\n<figure class=\"wp-block-image size-large\"><a href=\"https:\/\/recor.to\/bet274\" target=\"_blank\" rel=\"noreferrer noopener nofollow sponsored\"><img decoding=\"async\" width=\"1024\" height=\"315\" src=\"https:\/\/bonosindeposito.gratis\/wp-content\/uploads\/2023\/11\/bet247-bonus-1024x315.png\" alt=\"bet247 b\u00f4nus\" class=\"wp-image-49698\" srcset=\"https:\/\/bonosindeposito.gratis\/wp-content\/uploads\/2023\/11\/bet247-bonus-1024x315.png 1024w, https:\/\/bonosindeposito.gratis\/wp-content\/uploads\/2023\/11\/bet247-bonus-300x92.png 300w, https:\/\/bonosindeposito.gratis\/wp-content\/uploads\/2023\/11\/bet247-bonus-768x236.png 768w, https:\/\/bonosindeposito.gratis\/wp-content\/uploads\/2023\/11\/bet247-bonus.png 1177w\" sizes=\"(max-width: 1024px) 100vw, 1024px\" \/><\/a><\/figure>\n\n\n\n<h2 class=\"wp-block-heading\"><strong>B\u00f4nus de boas-vindas do cassino<\/strong><\/h2>\n\n\n\n<p>Voc\u00ea deve estar se perguntando o que um b\u00f4nus de boas-vindas pode fazer por voc\u00ea. Esse presente tem o objetivo de lhe dar uma motiva\u00e7\u00e3o extra para jogar. <strong>\u00c9 um b\u00f4nus de dep\u00f3sito de 100% mais um pacote de rodadas gr\u00e1tis SOMENTE PARA NOVOS CLIENTES<\/strong>. Portanto, se voc\u00ea ainda n\u00e3o tem uma conta, <a href=\"https:\/\/recor.to\/bet274\" target=\"_blank\" rel=\"noreferrer noopener nofollow sponsored\">corra e crie uma para usar esse presente gratuito<\/a>.<\/p>\n\n\n\n<p>Essa promo\u00e7\u00e3o \u00e9 espetacular porque, apenas por criar uma conta e fazer um dep\u00f3sito pela primeira vez, o Bet247 dobrar\u00e1 o seu dep\u00f3sito e lhe dar\u00e1 uma chance muito maior de ganhar. Essas oportunidades nem sempre s\u00e3o oferecidas e \u00e9 bom que voc\u00ea as aproveite.<\/p>\n\n\n\n<p><strong>Observe que, para receber um b\u00f4nus de boas-vindas, voc\u00ea deve primeiro ativ\u00e1-lo no caixa ap\u00f3s fazer seus tr\u00eas primeiros dep\u00f3sitos.<\/strong> Al\u00e9m disso, \u00e9 obrigat\u00f3rio fazer um dep\u00f3sito m\u00ednimo de US$ 22 para reivindicar qualquer b\u00f4nus de dep\u00f3sito. Outro ponto a ser observado \u00e9 que tanto o b\u00f4nus quanto o dep\u00f3sito devem ser apostados 40 vezes ((D+B)x40) antes que um saque possa ser feito.<\/p>\n\n\n\n<p>Para apostas esportivas, o b\u00f4nus \u00e9 diferente e s\u00f3 pode ser usado para apostas esportivas. Al\u00e9m disso, para que o b\u00f4nus seja v\u00e1lido, \u00e9 necess\u00e1rio apostar seis vezes antes que um poss\u00edvel ganho possa ser convertido em dinheiro real. <strong>Para obter mais informa\u00e7\u00f5es sobre os b\u00f4nus, aqui est\u00e3o algumas das regras estabelecidas pelo site.<\/strong><\/p>\n\n\n\n<h3 class=\"wp-block-heading\">M\u00e9todos e condi\u00e7\u00f5es de b\u00f4nus<\/h3>\n\n\n\n<ul class=\"wp-block-list\">\n<li>Os fundos de b\u00f4nus expiram cinco dias ap\u00f3s terem sido concedidos, a menos que haja indica\u00e7\u00e3o contr\u00e1ria em uma oferta promocional.<\/li>\n\n\n\n<li>Voc\u00ea est\u00e1 estritamente proibido de se envolver em qualquer atividade que envolva tirar vantagem injusta ou ilegal de um b\u00f4nus. O Bet247 tem o direito de retirar a disponibilidade de qualquer promo\u00e7\u00e3o, anular qualquer aposta financiada por um b\u00f4nus e confiscar quaisquer ganhos que voc\u00ea tenha feito.<\/li>\n\n\n\n<li>As rodadas gr\u00e1tis s\u00e3o espec\u00edficas para cada jogo. Elas n\u00e3o podem ser transferidas. As rodadas gr\u00e1tis n\u00e3o reclamadas ser\u00e3o perdidas ap\u00f3s 5 dias, a menos que especificado de outra forma em uma oferta promocional espec\u00edfica.<\/li>\n\n\n\n<li>Se solicitar um b\u00f4nus de cassino, qualquer saldo dispon\u00edvel na sua conta dever\u00e1 ser usado para apostar primeiro. Os fundos de b\u00f4nus s\u00e3o usados somente quando o saldo em dinheiro \u00e9 zero ou insuficiente para cobrir a aposta.<\/li>\n\n\n\n<li>Os ganhos obtidos com as rodadas gr\u00e1tis s\u00e3o considerados dinheiro de b\u00f4nus e devem ser apostados 40 vezes nos ca\u00e7a-n\u00edqueis antes que voc\u00ea possa solicitar um saque. Eles ser\u00e3o convertidos em dinheiro real assim que os requisitos de apostas do b\u00f4nus forem atendidos, a menos que seja declarado o contr\u00e1rio em uma oferta promocional.<\/li>\n\n\n\n<li>Com rela\u00e7\u00e3o ao b\u00f4nus de apostas esportivas oferecido pelo Bet247, ele deve ser usado somente para atividades de apostas esportivas. Qualquer outro uso em conex\u00e3o com atividades que n\u00e3o sejam apostas esportivas constituir\u00e1 uma viola\u00e7\u00e3o desses termos e poder\u00e1 resultar na perda total do b\u00f4nus e de quaisquer ganhos associados a ele.<\/li>\n\n\n\n<li>Atrasar o jogo de uma rodada at\u00e9 que os requisitos de apostas de um b\u00f4nus tenham sido atendidos, fazer um novo dep\u00f3sito ou perder um b\u00f4nus ativo ser\u00e1 considerado manipula\u00e7\u00e3o de b\u00f4nus.<\/li>\n<\/ul>\n\n\n\n<h3 class=\"wp-block-heading\"><strong>Fa\u00e7a o login na Bet247 e aproveite o melhor conte\u00fado on-line.<\/strong><\/h3>\n\n\n\n<p>Ent\u00e3o n\u00e3o precisa esperar mais, basta fazer login no Bet247 e navegar para aproveitar todos os jogos e conte\u00fados que voc\u00ea tem ao seu alcance. <strong>Tudo o que voc\u00ea precisa fazer \u00e9 <a href=\"https:\/\/recor.to\/bet274\" target=\"_blank\" rel=\"noreferrer noopener nofollow sponsored\">ir at\u00e9 o canto superior direito da p\u00e1gina e clicar em criar uma conta<\/a><\/strong>. Adicione seus dados pessoais e siga as etapas fornecidas pelo site.<\/p>\n\n\n\n<p>N\u00e3o h\u00e1 muito mais o que falar, basta fazer o login e realizar o seu primeiro dep\u00f3sito para receber o b\u00f4nus de boas-vindas. <strong>Lembre-se de que o cassino on-line \u00e9 um lugar para se divertir e jogar com consci\u00eancia, portanto, isso n\u00e3o deve ser um problema<\/strong>. Apenas se divirta o m\u00e1ximo poss\u00edvel.<\/p>\n\n\n\n<figure class=\"wp-block-image size-full\"><a href=\"https:\/\/recor.to\/bet274\" target=\"_blank\" rel=\"noreferrer noopener nofollow sponsored\"><img decoding=\"async\" width=\"864\" height=\"362\" src=\"https:\/\/bonosindeposito.gratis\/wp-content\/uploads\/2023\/11\/bet247-bonus-brasil.png\" alt=\"bet247 b\u00f4nus brasil\" class=\"wp-image-49711\" srcset=\"https:\/\/bonosindeposito.gratis\/wp-content\/uploads\/2023\/11\/bet247-bonus-brasil.png 864w, https:\/\/bonosindeposito.gratis\/wp-content\/uploads\/2023\/11\/bet247-bonus-brasil-300x126.png 300w, https:\/\/bonosindeposito.gratis\/wp-content\/uploads\/2023\/11\/bet247-bonus-brasil-768x322.png 768w\" sizes=\"(max-width: 864px) 100vw, 864px\" \/><\/a><\/figure>\n\n\n[Ratings]\n\n\n\n<h2 class=\"wp-block-heading\"><br><strong>Perguntas freq\u00fcentes sobre sua conta e <a href=\"https:\/\/bonosindeposito.gratis\/pt-br\/\" target=\"_blank\" rel=\"noreferrer noopener\">b\u00f4nus de todos os tipos<\/a><\/strong><\/h2>\n\n\n\n<div class=\"wp-block-rank-math-faq-block\"><div class=\"rank-math-faq-item\"><h3 class=\"rank-math-question\">Posso apostar sem ter uma conta?<\/h3><div class=\"rank-math-answer\">Para apostar dinheiro real no Bet247, <a href=\"https:\/\/recor.to\/bet274\" target=\"_blank\" rel=\"noreferrer noopener nofollow sponsored\">voc\u00ea precisar\u00e1 criar uma conta<\/a>. Caso contr\u00e1rio, voc\u00ea s\u00f3 poder\u00e1 usar a op\u00e7\u00e3o &#8220;play for fun&#8221; (jogar por divers\u00e3o) em v\u00e1rios jogos em que nenhum saldo fict\u00edcio ser\u00e1 usado.<\/div><\/div><div class=\"rank-math-faq-item\"><h3 class=\"rank-math-question\">Como fa\u00e7o para criar minha conta?<\/h3><div class=\"rank-math-answer\">Fa\u00e7a login e clique no bot\u00e3o &#8220;Create account&#8221; (Criar conta) no canto superior direito da tela. Uma janela ser\u00e1 aberta com tr\u00eas etapas simples a serem seguidas, nas quais voc\u00ea dever\u00e1 preencher os campos com suas informa\u00e7\u00f5es pessoais.<\/div><\/div><div class=\"rank-math-faq-item\"><h3 class=\"rank-math-question\">Esqueci minha senha, posso redefini-la?<\/h3><div class=\"rank-math-answer\">Sim, voc\u00ea pode redefinir sua senha caso a esque\u00e7a. Para fazer isso, v\u00e1 para &#8220;login&#8221; e clique em &#8220;forgot your password? Em seguida, digite seu nome de usu\u00e1rio, um captcha de verifica\u00e7\u00e3o e clique em &#8220;recover&#8221; (recuperar).<\/div><\/div><div class=\"rank-math-faq-item\"><h3 class=\"rank-math-question\">Por que a sess\u00e3o foi encerrada por conta pr\u00f3pria?<\/h3><div class=\"rank-math-answer\">Isso pode ocorrer devido \u00e0 inatividade por um longo per\u00edodo de tempo, o que resulta no logout autom\u00e1tico. Essa \u00e9 uma medida de seguran\u00e7a para garantir a prote\u00e7\u00e3o de sua conta. Caso tenha sido desconectado enquanto usava sua conta, entre em contato com o suporte ao cliente.<\/div><\/div><div class=\"rank-math-faq-item\"><h3 class=\"rank-math-question\">Fiz uma aposta ao vivo e ela n\u00e3o foi processada. Qual poderia ser a causa?<\/h3><div class=\"rank-math-answer\">As apostas podem ser rejeitadas por motivos como problemas de conectividade, limites de apostas na mesa ou restri\u00e7\u00f5es de tempo. Certifique-se de que n\u00e3o haja perda de conex\u00e3o ou que sua internet esteja lenta. De qualquer forma, voc\u00ea tem o suporte por bate-papo ao vivo para ajud\u00e1-lo.<\/div><\/div><div class=\"rank-math-faq-item\"><h3 class=\"rank-math-question\">Como posso acessar meus registros de jogo?<\/h3><div class=\"rank-math-answer\">V\u00e1 para a op\u00e7\u00e3o &#8220;history&#8221; (hist\u00f3rico) no menu. L\u00e1 voc\u00ea ter\u00e1 uma se\u00e7\u00e3o com todos os seus jogos, transa\u00e7\u00f5es e registros de b\u00f4nus.<\/div><\/div><div class=\"rank-math-faq-item\"><h3 class=\"rank-math-question\">Posso usar meu b\u00f4nus de apostas esportivas para outra atividade?<\/h3><div class=\"rank-math-answer\">N\u00e3o. Cada b\u00f4nus tem seu pr\u00f3prio uso e particularidade. Nesse caso, voc\u00ea s\u00f3 pode us\u00e1-lo para apostas esportivas. Isso \u00e9 regulamentado, portanto, tome cuidado, pois voc\u00ea pode perder seu b\u00f4nus e os ganhos que obteve.<\/div><\/div><div class=\"rank-math-faq-item\"><h3 class=\"rank-math-question\">Posso solicitar um reembolso?<\/h3><div class=\"rank-math-answer\">As solicita\u00e7\u00f5es de reembolso s\u00e3o v\u00e1lidas se forem feitas dentro de 24 horas ap\u00f3s a transa\u00e7\u00e3o. No caso de uma alega\u00e7\u00e3o de que uma pessoa n\u00e3o autorizada acessou sua Conta de Jogador, o per\u00edodo de solicita\u00e7\u00e3o de reembolso ser\u00e1 estendido para 30 dias, desde que sejam fornecidas evid\u00eancias confi\u00e1veis.<\/div><\/div><\/div>\n\n\n\n\n\n\n\n\n","protected":false},"excerpt":{"rendered":"<p>Prepare-se para conhecer em profundidade o cassino Bet247, um site com oportunidades incr\u00edveis para apostar e ganhar os melhores pr\u00eamios. N\u00e3o perca todas as informa\u00e7\u00f5es sobre esse site que tem jogos de todos os estilos e um b\u00f4nus de boas-vindas para aumentar suas chances de ser um vencedor. Saiba mais sobre a Bet247 Voc\u00ea \u00e9 &#8230; <a title=\"Bet247 | TODOS os B\u00d4NUS de BOAS-VINDAS no Brasil\" class=\"read-more\" href=\"https:\/\/bonosindeposito.gratis\/pt-br\/bet247\/\" aria-label=\"Read more about Bet247 | TODOS os B\u00d4NUS de BOAS-VINDAS no Brasil\">Read more<\/a><\/p>\n","protected":false},"author":59,"featured_media":0,"parent":0,"menu_order":0,"comment_status":"closed","ping_status":"closed","template":"","meta":{"_uag_custom_page_level_css":"","generate_page_header":"","footnotes":""},"class_list":["post-49663","page","type-page","status-publish"],"yoast_head":"<!-- This site is optimized with the Yoast SEO Premium plugin v27.1 (Yoast SEO v26.6) - https:\/\/yoast.com\/wordpress\/plugins\/seo\/ -->\n<title>Bet247 | TODOS os B\u00d4NUS de BOAS-VINDAS no Brasil - Bonos sin Deposito de Apuestas<\/title>\n<meta name=\"robots\" content=\"index, follow, max-snippet:-1, max-image-preview:large, max-video-preview:-1\" \/>\n<link rel=\"canonical\" href=\"https:\/\/bonosindeposito.gratis\/pt-br\/bet247\/\" \/>\n<meta property=\"og:locale\" content=\"pt_BR\" \/>\n<meta property=\"og:type\" content=\"article\" \/>\n<meta property=\"og:title\" content=\"Bet247 | TODOS os B\u00d4NUS de BOAS-VINDAS no Brasil - Bonos sin Deposito de Apuestas\" \/>\n<meta property=\"og:description\" content=\"Prepare-se para conhecer em profundidade o cassino Bet247, um site com oportunidades incr\u00edveis para apostar e ganhar os melhores pr\u00eamios. N\u00e3o perca todas as informa\u00e7\u00f5es sobre esse site que tem jogos de todos os estilos e um b\u00f4nus de boas-vindas para aumentar suas chances de ser um vencedor. Saiba mais sobre a Bet247 Voc\u00ea \u00e9 ... Read more\" \/>\n<meta property=\"og:url\" content=\"https:\/\/bonosindeposito.gratis\/pt-br\/bet247\/\" \/>\n<meta property=\"og:site_name\" content=\"Bonos sin Deposito de Apuestas\" \/>\n<meta property=\"article:modified_time\" content=\"2023-12-04T19:32:21+00:00\" \/>\n<meta property=\"og:image\" content=\"https:\/\/bonosindeposito.gratis\/wp-content\/uploads\/2023\/11\/bet-247.png\" \/>\n\t<meta property=\"og:image:width\" content=\"919\" \/>\n\t<meta property=\"og:image:height\" content=\"462\" \/>\n\t<meta property=\"og:image:type\" content=\"image\/png\" \/>\n<meta name=\"twitter:card\" content=\"summary_large_image\" \/>\n<meta name=\"twitter:label1\" content=\"Est. tempo de leitura\" \/>\n\t<meta name=\"twitter:data1\" content=\"8 minutos\" \/>\n<script type=\"application\/ld+json\" class=\"yoast-schema-graph\">{\"@context\":\"https:\/\/schema.org\",\"@graph\":[{\"@type\":\"WebPage\",\"@id\":\"https:\/\/bonosindeposito.gratis\/pt-br\/bet247\/\",\"url\":\"https:\/\/bonosindeposito.gratis\/pt-br\/bet247\/\",\"name\":\"Bet247 | TODOS os B\u00d4NUS de BOAS-VINDAS no Brasil - Bonos sin Deposito de Apuestas\",\"isPartOf\":{\"@id\":\"https:\/\/bonosindeposito.gratis\/#website\"},\"primaryImageOfPage\":{\"@id\":\"https:\/\/bonosindeposito.gratis\/pt-br\/bet247\/#primaryimage\"},\"image\":{\"@id\":\"https:\/\/bonosindeposito.gratis\/pt-br\/bet247\/#primaryimage\"},\"thumbnailUrl\":\"https:\/\/bonosindeposito.gratis\/wp-content\/uploads\/2023\/11\/bet-247.png\",\"datePublished\":\"2023-11-24T23:22:01+00:00\",\"dateModified\":\"2023-12-04T19:32:21+00:00\",\"breadcrumb\":{\"@id\":\"https:\/\/bonosindeposito.gratis\/pt-br\/bet247\/#breadcrumb\"},\"inLanguage\":\"pt-BR\",\"potentialAction\":[{\"@type\":\"ReadAction\",\"target\":[\"https:\/\/bonosindeposito.gratis\/pt-br\/bet247\/\"]}]},{\"@type\":\"ImageObject\",\"inLanguage\":\"pt-BR\",\"@id\":\"https:\/\/bonosindeposito.gratis\/pt-br\/bet247\/#primaryimage\",\"url\":\"https:\/\/bonosindeposito.gratis\/wp-content\/uploads\/2023\/11\/bet-247.png\",\"contentUrl\":\"https:\/\/bonosindeposito.gratis\/wp-content\/uploads\/2023\/11\/bet-247.png\"},{\"@type\":\"BreadcrumbList\",\"@id\":\"https:\/\/bonosindeposito.gratis\/pt-br\/bet247\/#breadcrumb\",\"itemListElement\":[{\"@type\":\"ListItem\",\"position\":1,\"name\":\"Portada\",\"item\":\"https:\/\/bonosindeposito.gratis\/\"},{\"@type\":\"ListItem\",\"position\":2,\"name\":\"Bet247 | TODOS os B\u00d4NUS de BOAS-VINDAS no Brasil\"}]},{\"@type\":\"WebSite\",\"@id\":\"https:\/\/bonosindeposito.gratis\/#website\",\"url\":\"https:\/\/bonosindeposito.gratis\/\",\"name\":\"Bonos sin Deposito de Apuestas\",\"description\":\"\",\"publisher\":{\"@id\":\"https:\/\/bonosindeposito.gratis\/#organization\"},\"potentialAction\":[{\"@type\":\"SearchAction\",\"target\":{\"@type\":\"EntryPoint\",\"urlTemplate\":\"https:\/\/bonosindeposito.gratis\/?s={search_term_string}\"},\"query-input\":{\"@type\":\"PropertyValueSpecification\",\"valueRequired\":true,\"valueName\":\"search_term_string\"}}],\"inLanguage\":\"pt-BR\"},{\"@type\":\"Organization\",\"@id\":\"https:\/\/bonosindeposito.gratis\/#organization\",\"name\":\"Bonos sin Deposito de Apuestas\",\"url\":\"https:\/\/bonosindeposito.gratis\/\",\"logo\":{\"@type\":\"ImageObject\",\"inLanguage\":\"pt-BR\",\"@id\":\"https:\/\/bonosindeposito.gratis\/#\/schema\/logo\/image\/\",\"url\":\"https:\/\/bonosindeposito.gratis\/wp-content\/uploads\/2018\/06\/logo-bonosindeposito.jpg\",\"contentUrl\":\"https:\/\/bonosindeposito.gratis\/wp-content\/uploads\/2018\/06\/logo-bonosindeposito.jpg\",\"width\":350,\"height\":70,\"caption\":\"Bonos sin Deposito de Apuestas\"},\"image\":{\"@id\":\"https:\/\/bonosindeposito.gratis\/#\/schema\/logo\/image\/\"}}]}<\/script>\n<!-- \/ Yoast SEO Premium plugin. -->","yoast_head_json":{"title":"Bet247 | TODOS os B\u00d4NUS de BOAS-VINDAS no Brasil - Bonos sin Deposito de Apuestas","robots":{"index":"index","follow":"follow","max-snippet":"max-snippet:-1","max-image-preview":"max-image-preview:large","max-video-preview":"max-video-preview:-1"},"canonical":"https:\/\/bonosindeposito.gratis\/pt-br\/bet247\/","og_locale":"pt_BR","og_type":"article","og_title":"Bet247 | TODOS os B\u00d4NUS de BOAS-VINDAS no Brasil - Bonos sin Deposito de Apuestas","og_description":"Prepare-se para conhecer em profundidade o cassino Bet247, um site com oportunidades incr\u00edveis para apostar e ganhar os melhores pr\u00eamios. N\u00e3o perca todas as informa\u00e7\u00f5es sobre esse site que tem jogos de todos os estilos e um b\u00f4nus de boas-vindas para aumentar suas chances de ser um vencedor. Saiba mais sobre a Bet247 Voc\u00ea \u00e9 ... Read more","og_url":"https:\/\/bonosindeposito.gratis\/pt-br\/bet247\/","og_site_name":"Bonos sin Deposito de Apuestas","article_modified_time":"2023-12-04T19:32:21+00:00","og_image":[{"width":919,"height":462,"url":"https:\/\/bonosindeposito.gratis\/wp-content\/uploads\/2023\/11\/bet-247.png","type":"image\/png"}],"twitter_card":"summary_large_image","twitter_misc":{"Est. tempo de leitura":"8 minutos"},"schema":{"@context":"https:\/\/schema.org","@graph":[{"@type":"WebPage","@id":"https:\/\/bonosindeposito.gratis\/pt-br\/bet247\/","url":"https:\/\/bonosindeposito.gratis\/pt-br\/bet247\/","name":"Bet247 | TODOS os B\u00d4NUS de BOAS-VINDAS no Brasil - Bonos sin Deposito de Apuestas","isPartOf":{"@id":"https:\/\/bonosindeposito.gratis\/#website"},"primaryImageOfPage":{"@id":"https:\/\/bonosindeposito.gratis\/pt-br\/bet247\/#primaryimage"},"image":{"@id":"https:\/\/bonosindeposito.gratis\/pt-br\/bet247\/#primaryimage"},"thumbnailUrl":"https:\/\/bonosindeposito.gratis\/wp-content\/uploads\/2023\/11\/bet-247.png","datePublished":"2023-11-24T23:22:01+00:00","dateModified":"2023-12-04T19:32:21+00:00","breadcrumb":{"@id":"https:\/\/bonosindeposito.gratis\/pt-br\/bet247\/#breadcrumb"},"inLanguage":"pt-BR","potentialAction":[{"@type":"ReadAction","target":["https:\/\/bonosindeposito.gratis\/pt-br\/bet247\/"]}]},{"@type":"ImageObject","inLanguage":"pt-BR","@id":"https:\/\/bonosindeposito.gratis\/pt-br\/bet247\/#primaryimage","url":"https:\/\/bonosindeposito.gratis\/wp-content\/uploads\/2023\/11\/bet-247.png","contentUrl":"https:\/\/bonosindeposito.gratis\/wp-content\/uploads\/2023\/11\/bet-247.png"},{"@type":"BreadcrumbList","@id":"https:\/\/bonosindeposito.gratis\/pt-br\/bet247\/#breadcrumb","itemListElement":[{"@type":"ListItem","position":1,"name":"Portada","item":"https:\/\/bonosindeposito.gratis\/"},{"@type":"ListItem","position":2,"name":"Bet247 | TODOS os B\u00d4NUS de BOAS-VINDAS no Brasil"}]},{"@type":"WebSite","@id":"https:\/\/bonosindeposito.gratis\/#website","url":"https:\/\/bonosindeposito.gratis\/","name":"Bonos sin Deposito de Apuestas","description":"","publisher":{"@id":"https:\/\/bonosindeposito.gratis\/#organization"},"potentialAction":[{"@type":"SearchAction","target":{"@type":"EntryPoint","urlTemplate":"https:\/\/bonosindeposito.gratis\/?s={search_term_string}"},"query-input":{"@type":"PropertyValueSpecification","valueRequired":true,"valueName":"search_term_string"}}],"inLanguage":"pt-BR"},{"@type":"Organization","@id":"https:\/\/bonosindeposito.gratis\/#organization","name":"Bonos sin Deposito de Apuestas","url":"https:\/\/bonosindeposito.gratis\/","logo":{"@type":"ImageObject","inLanguage":"pt-BR","@id":"https:\/\/bonosindeposito.gratis\/#\/schema\/logo\/image\/","url":"https:\/\/bonosindeposito.gratis\/wp-content\/uploads\/2018\/06\/logo-bonosindeposito.jpg","contentUrl":"https:\/\/bonosindeposito.gratis\/wp-content\/uploads\/2018\/06\/logo-bonosindeposito.jpg","width":350,"height":70,"caption":"Bonos sin Deposito de Apuestas"},"image":{"@id":"https:\/\/bonosindeposito.gratis\/#\/schema\/logo\/image\/"}}]}},"uagb_featured_image_src":{"full":false,"thumbnail":false,"medium":false,"medium_large":false,"large":false,"1536x1536":false,"2048x2048":false},"uagb_author_info":{"display_name":"Tomas","author_link":"https:\/\/bonosindeposito.gratis\/pt-br\/author\/tomas\/"},"uagb_comment_info":0,"uagb_excerpt":"Prepare-se para conhecer em profundidade o cassino Bet247, um site com oportunidades incr\u00edveis para apostar e ganhar os melhores pr\u00eamios. N\u00e3o perca todas as informa\u00e7\u00f5es sobre esse site que tem jogos de todos os estilos e um b\u00f4nus de boas-vindas para aumentar suas chances de ser um vencedor. Saiba mais sobre a Bet247 Voc\u00ea \u00e9&hellip;","_links":{"self":[{"href":"https:\/\/bonosindeposito.gratis\/pt-br\/wp-json\/wp\/v2\/pages\/49663","targetHints":{"allow":["GET"]}}],"collection":[{"href":"https:\/\/bonosindeposito.gratis\/pt-br\/wp-json\/wp\/v2\/pages"}],"about":[{"href":"https:\/\/bonosindeposito.gratis\/pt-br\/wp-json\/wp\/v2\/types\/page"}],"author":[{"embeddable":true,"href":"https:\/\/bonosindeposito.gratis\/pt-br\/wp-json\/wp\/v2\/users\/59"}],"replies":[{"embeddable":true,"href":"https:\/\/bonosindeposito.gratis\/pt-br\/wp-json\/wp\/v2\/comments?post=49663"}],"version-history":[{"count":3,"href":"https:\/\/bonosindeposito.gratis\/pt-br\/wp-json\/wp\/v2\/pages\/49663\/revisions"}],"predecessor-version":[{"id":49927,"href":"https:\/\/bonosindeposito.gratis\/pt-br\/wp-json\/wp\/v2\/pages\/49663\/revisions\/49927"}],"wp:attachment":[{"href":"https:\/\/bonosindeposito.gratis\/pt-br\/wp-json\/wp\/v2\/media?parent=49663"}],"curies":[{"name":"wp","href":"https:\/\/api.w.org\/{rel}","templated":true}]}}